{"id":4180,"date":"2022-01-04T09:16:23","date_gmt":"2022-01-20T19:35:13","guid":{"rendered":"https:\/\/dev.solutionprint.ca\/product\/exemplaires\/"},"modified":"2022-01-20T14:39:49","modified_gmt":"2022-01-20T19:39:49","slug":"boites-exemplaires","status":"publish","type":"product","link":"https:\/\/solutionprint.ca\/fr\/produit\/boites-exemplaires\/","title":{"rendered":"Bo\u00eetes Exemplaires"},"content":{"rendered":"<p>Si vous n&rsquo;\u00eates pas sur du type de boite que vous d\u00e9sirez, et si vous voulez visualiser toutes les possibilit\u00e9s disponibles \u00e0 vous, vous pouves nous commandez une boite \u00e0 exemplaires gratuitement<\/p>\n<p>Des que vous choisissez, nous sommes \u00e0 votre service<\/p>\n","protected":false},"excerpt":{"rendered":"<p>Une boite pleine de boites<\/p>\n<p>(Exemplaires gratuites)<\/p>\n","protected":false},"featured_media":3562,"template":"","meta":[],"product_brand":[],"product_cat":[908],"product_tag":[916,892,1130,893,1129],"class_list":{"0":"post-4180","1":"product","2":"type-product","3":"status-publish","4":"has-post-thumbnail","6":"product_cat-autres-solutions","7":"product_tag-autocollants","8":"product_tag-boites","9":"product_tag-boites-a-pizza","10":"product_tag-boites-de-plateaux","11":"product_tag-exemplaires","13":"first","14":"instock","15":"shipping-taxable","16":"product-type-simple","17":"prodpage-classic"},"jetpack_sharing_enabled":true,"jetpack_likes_enabled":true,"_links":{"self":[{"href":"https:\/\/solutionprint.ca\/fr\/wp-json\/wp\/v2\/product\/4180","targetHints":{"allow":["GET"]}}],"collection":[{"href":"https:\/\/solutionprint.ca\/fr\/wp-json\/wp\/v2\/product"}],"about":[{"href":"https:\/\/solutionprint.ca\/fr\/wp-json\/wp\/v2\/types\/product"}],"wp:featuredmedia":[{"embeddable":true,"href":"https:\/\/solutionprint.ca\/fr\/wp-json\/wp\/v2\/media\/3562"}],"wp:attachment":[{"href":"https:\/\/solutionprint.ca\/fr\/wp-json\/wp\/v2\/media?parent=4180"}],"wp:term":[{"taxonomy":"product_brand","embeddable":true,"href":"https:\/\/solutionprint.ca\/fr\/wp-json\/wp\/v2\/product_brand?post=4180"},{"taxonomy":"product_cat","embeddable":true,"href":"https:\/\/solutionprint.ca\/fr\/wp-json\/wp\/v2\/product_cat?post=4180"},{"taxonomy":"product_tag","embeddable":true,"href":"https:\/\/solutionprint.ca\/fr\/wp-json\/wp\/v2\/product_tag?post=4180"}],"curies":[{"name":"wp","href":"https:\/\/api.w.org\/{rel}","templated":true}]}}