{"id":4179,"date":"2022-01-03T16:16:24","date_gmt":"2022-01-20T19:31:33","guid":{"rendered":"https:\/\/dev.solutionprint.ca\/product\/envoi-postal\/"},"modified":"2022-01-20T14:31:33","modified_gmt":"2022-01-20T19:31:33","slug":"envoi-postal","status":"publish","type":"product","link":"https:\/\/solutionprint.ca\/fr\/produit\/envoi-postal\/","title":{"rendered":"Envoi Postal"},"content":{"rendered":"<p>Si vous avez besoin d&rsquo;aide pour distribuer vos d\u00e9pliants imprim\u00e9s, brochures et autres, nous pouvons vous aider \u00e0 planifier une campagne de distribution par l&rsquo;interm\u00e9diaire des services postaux au Canada et aux \u00c9tats-Unis \u00e0 des co\u00fbts tr\u00e8s abordables.<\/p>\n<p>Nous savons que vous dirigez une entreprise tr\u00e8s active et ce service vous aide \u00e0 \u00e9conomiser du temps et de l&rsquo;argent. Nous s\u00e9lectionnons votre territoire ou zone de livraison afin que vous puissiez atteindre un public aussi large que possible. Ind\u00e9pendamment de la quantit\u00e9, de zone et de distribution, nous vous aidons tout au long du processus. Nous nous occupons de tout pour vous en mati\u00e8re de distribution d&rsquo;envoi postal.<\/p>\n","protected":false},"excerpt":{"rendered":"<p>La distribution postale est entre nos mains et sans souci pour vous.<\/p>\n","protected":false},"featured_media":3557,"template":"","meta":[],"product_brand":[],"product_cat":[908],"product_tag":[],"class_list":{"0":"post-4179","1":"product","2":"type-product","3":"status-publish","4":"has-post-thumbnail","6":"product_cat-autres-solutions","8":"first","9":"instock","10":"shipping-taxable","11":"product-type-simple","12":"prodpage-classic"},"jetpack_sharing_enabled":true,"jetpack_likes_enabled":true,"_links":{"self":[{"href":"https:\/\/solutionprint.ca\/fr\/wp-json\/wp\/v2\/product\/4179","targetHints":{"allow":["GET"]}}],"collection":[{"href":"https:\/\/solutionprint.ca\/fr\/wp-json\/wp\/v2\/product"}],"about":[{"href":"https:\/\/solutionprint.ca\/fr\/wp-json\/wp\/v2\/types\/product"}],"wp:featuredmedia":[{"embeddable":true,"href":"https:\/\/solutionprint.ca\/fr\/wp-json\/wp\/v2\/media\/3557"}],"wp:attachment":[{"href":"https:\/\/solutionprint.ca\/fr\/wp-json\/wp\/v2\/media?parent=4179"}],"wp:term":[{"taxonomy":"product_brand","embeddable":true,"href":"https:\/\/solutionprint.ca\/fr\/wp-json\/wp\/v2\/product_brand?post=4179"},{"taxonomy":"product_cat","embeddable":true,"href":"https:\/\/solutionprint.ca\/fr\/wp-json\/wp\/v2\/product_cat?post=4179"},{"taxonomy":"product_tag","embeddable":true,"href":"https:\/\/solutionprint.ca\/fr\/wp-json\/wp\/v2\/product_tag?post=4179"}],"curies":[{"name":"wp","href":"https:\/\/api.w.org\/{rel}","templated":true}]}}