{"id":4177,"date":"2021-12-21T09:51:32","date_gmt":"2022-01-20T19:27:26","guid":{"rendered":"https:\/\/dev.solutionprint.ca\/product\/grand-format\/"},"modified":"2022-01-21T14:59:59","modified_gmt":"2022-01-21T19:59:59","slug":"grand-format","status":"publish","type":"product","link":"https:\/\/solutionprint.ca\/fr\/produit\/grand-format\/","title":{"rendered":"Grand Format"},"content":{"rendered":"<p>En plus de tous nos autres services, nous fournissons \u00e9galement des solutions grand format avec impression de haute qualit\u00e9. Pensez grand et faites-vous remarquer.<\/p>\n<p>Des enseignes con\u00e7ues sur mesure peuvent conduire les clients directement \u00e0 votre porte. Les utilisations sont presque infinies lorsqu&rsquo;il s&rsquo;agit de grand format. Les enseignes r\u00e9tro\u00e9clair\u00e9es sont un excellent choix pour les utilisations ext\u00e9rieures et int\u00e9rieures, avec un \u00e9clairage LED longue dur\u00e9e utilisant moins d&rsquo;\u00e9lectricit\u00e9, votre enseigne peut \u00eatre vue de jour comme de nuit. Les banni\u00e8res en vinyle sont un moyen rentable et durable de transmettre votre message elles s&rsquo;accrochent facilement n&rsquo;importe o\u00f9 avec des oeillets ajout\u00e9s.<\/p>\n<p>Les enseignes sur Styr\u00e8ne, Coroplast ou Sintra sont un moyen id\u00e9al pour mettre en place un menu tableau, par exemple, ou d&rsquo;autres messages qui n\u00e9cessitent un format durable, rigide et de longue dur\u00e9e qui peut \u00eatre \u00e0 accrocher \u00e0 l&rsquo;int\u00e9rieur ou \u00e0 l&rsquo;ext\u00e9rieur. D&rsquo;autres choix sont les panneaux de menu, roll-ups, papier peint, panneau A-frame, panneaux m\u00e9talliques et encore bien plus. Notre technicien d&rsquo;installation qualifi\u00e9 peut installer n&rsquo;importe lequel de vos projets command\u00e9s dans une vaste zone d&rsquo;installation.<\/p>\n<p>Autres options populaires sont des autocollants pour fen\u00eatres. Des autocollants de haute qualit\u00e9 qui peuvent \u00eatre fabriqu\u00e9s pour s&rsquo;adapter \u00e0 toutes les dimensions de fen\u00eatre ou de porte de magasin, ils peuvent \u00eatre install\u00e9s \u00e0 l&rsquo;int\u00e9rieur et \u00e0 l&rsquo;ext\u00e9rieur avec un laminage durable pour r\u00e9sister \u00e0 toutes les conditions m\u00e9t\u00e9orologiques.<\/p>\n<p>Quels que soient vos besoins en grand format, votre enseigne con\u00e7ue sur mesure est incontournable pour \u00eatre vue de pr\u00e8s comme de loin, \u00e0 l&rsquo;int\u00e9rieur comme \u00e0 l&rsquo;ext\u00e9rieur, pour attirer la client\u00e8le. ALORS, ALLEZ GRAND !<\/p>\n","protected":false},"excerpt":{"rendered":"<p>Lorsque vous avez besoin de produits grand format, il n&rsquo;y a pas de dimensions trop grande pour ce service.<\/p>\n","protected":false},"featured_media":3801,"template":"","meta":[],"product_brand":[],"product_cat":[1106],"product_tag":[1112,1114,1122,1109,1108,916,1107,1119,903,1110,1128,1113,1126,918,1125,900,917,910,930,1123,1117,1127,1124,884,898,1060,1116,909,914,881,885,1111,901,1120,883,1118,1115,1121],"class_list":{"0":"post-4177","1":"product","2":"type-product","3":"status-publish","4":"has-post-thumbnail","6":"product_cat-impression-grand-format","7":"product_tag-a-frame-fr","8":"product_tag-affiche","9":"product_tag-aluminum-fr","10":"product_tag-autocollant-de-porte-de-magasin","11":"product_tag-autocollant-de-vitrine-de-magasin","12":"product_tag-autocollants","13":"product_tag-banniere","14":"product_tag-coroplast-fr","15":"product_tag-enduit","16":"product_tag-enseignes","17":"product_tag-enseignes-de-dessus-de-voiture","18":"product_tag-envelopage-de-voiture","19":"product_tag-exterieur","20":"product_tag-grand-format","21":"product_tag-interieur","22":"product_tag-lalimentation","23":"product_tag-le-service","24":"product_tag-menu-fr","25":"product_tag-non-couche","26":"product_tag-oeillets","27":"product_tag-panneau-publicitaire","28":"product_tag-papier-peint","29":"product_tag-perfore","30":"product_tag-personnalisable-fr","31":"product_tag-personnalise-fr-2","32":"product_tag-plastification-fr","33":"product_tag-plexiglass-fr","34":"product_tag-promotion","35":"product_tag-publicite-fr","36":"product_tag-restaurant-fr-2","37":"product_tag-restauration-rapide","38":"product_tag-retro-eclaire","39":"product_tag-robuste-fr","40":"product_tag-sintra-fr","41":"product_tag-stock-de-cartes","42":"product_tag-styrene-fr","43":"product_tag-tableau-de-menus","44":"product_tag-vinyl-fr","46":"first","47":"instock","48":"shipping-taxable","49":"product-type-variable","50":"prodpage-classic"},"jetpack_sharing_enabled":true,"jetpack_likes_enabled":true,"_links":{"self":[{"href":"https:\/\/solutionprint.ca\/fr\/wp-json\/wp\/v2\/product\/4177","targetHints":{"allow":["GET"]}}],"collection":[{"href":"https:\/\/solutionprint.ca\/fr\/wp-json\/wp\/v2\/product"}],"about":[{"href":"https:\/\/solutionprint.ca\/fr\/wp-json\/wp\/v2\/types\/product"}],"wp:featuredmedia":[{"embeddable":true,"href":"https:\/\/solutionprint.ca\/fr\/wp-json\/wp\/v2\/media\/3801"}],"wp:attachment":[{"href":"https:\/\/solutionprint.ca\/fr\/wp-json\/wp\/v2\/media?parent=4177"}],"wp:term":[{"taxonomy":"product_brand","embeddable":true,"href":"https:\/\/solutionprint.ca\/fr\/wp-json\/wp\/v2\/product_brand?post=4177"},{"taxonomy":"product_cat","embeddable":true,"href":"https:\/\/solutionprint.ca\/fr\/wp-json\/wp\/v2\/product_cat?post=4177"},{"taxonomy":"product_tag","embeddable":true,"href":"https:\/\/solutionprint.ca\/fr\/wp-json\/wp\/v2\/product_tag?post=4177"}],"curies":[{"name":"wp","href":"https:\/\/api.w.org\/{rel}","templated":true}]}}