{"id":4175,"date":"2021-12-21T11:23:38","date_gmt":"2022-01-20T19:11:41","guid":{"rendered":"https:\/\/dev.solutionprint.ca\/product\/impression-numerique\/"},"modified":"2022-01-20T14:40:56","modified_gmt":"2022-01-20T19:40:56","slug":"impression-numerique","status":"publish","type":"product","link":"https:\/\/solutionprint.ca\/fr\/produit\/impression-numerique\/","title":{"rendered":"Impression Num\u00e9rique"},"content":{"rendered":"<p>Avec l\u2019impression num\u00e9rique qui a gagn\u00e9 en popularit\u00e9 ces derni\u00e8res ann\u00e9es, cela a fourni des opportunit\u00e9s uniques de cr\u00e9er des projets de plus petit volume avec des d\u00e9lais d\u2019ex\u00e9cution rapides et une haute qualit\u00e9 constante.<\/p>\n<p>Dites-nous quelles sont vos id\u00e9es, ce que vous recherchez dans la pr\u00e9sentation de vos services ou produits, et avec des articles personnalisables pour accompagner vos brochures, emballages ou autres produits \u00e0 volume plus \u00e9lev\u00e9, ou un projet autonome, vous \u00eates s\u00fbr de cibler votre public dans une petite ou une grande zone. avec options de decoupage, revet\u00fbre ou plastification On est pr\u00eats \u00e0 vous servir, quand cela vous sert!<\/p>\n","protected":false},"excerpt":{"rendered":"<p>Avec l&rsquo;av\u00e8nement de l&rsquo;impression num\u00e9rique, nous pouvons imprimer de mani\u00e8re \u00e9conomique des projets \u00e0 plus petit tirage.<\/p>\n","protected":false},"featured_media":3568,"template":"","meta":[],"product_brand":[],"product_cat":[952,953],"product_tag":[886,1074,912,1062,1064,1063,1066,897,1067,1061,911,1078,1076,880,900,917,887,913,910,1070,1068,1069,1071,1065,937,884,898,890,1077,1073,1075,1060,909,914,899,888,881,889,885,1079,883,1072,915,926],"class_list":{"0":"post-4175","1":"product","2":"type-product","3":"status-publish","4":"has-post-thumbnail","6":"product_cat-produits-imprimes","7":"product_cat-produits-promotionnels","8":"product_tag-a-emporter","9":"product_tag-autocollants-fr","10":"product_tag-brochure-fr","11":"product_tag-cartes-fidelite","12":"product_tag-cartes-affaires","13":"product_tag-cartes-loyaute","14":"product_tag-cartes-promotionels","15":"product_tag-carton-fr","16":"product_tag-certificats-cadeaux","17":"product_tag-coupons-fr","18":"product_tag-depliant","19":"product_tag-haute-qualite","20":"product_tag-impression-numerique-fr","21":"product_tag-jetable","22":"product_tag-lalimentation","23":"product_tag-le-service","24":"product_tag-livraison","25":"product_tag-livret","26":"product_tag-menu-fr","27":"product_tag-menus-a-la-carte","28":"product_tag-menus-a-table","29":"product_tag-menus-boissons","30":"product_tag-menus-sushi","31":"product_tag-pamphlets-fr","32":"product_tag-papier","33":"product_tag-personnalisable-fr","34":"product_tag-personnalise-fr-2","35":"product_tag-personnalise-fr","36":"product_tag-petite-cspacite","37":"product_tag-petites-affiches","38":"product_tag-plastification-fr-2","39":"product_tag-plastification-fr","40":"product_tag-promotion","41":"product_tag-publicite-fr","42":"product_tag-ramassage","43":"product_tag-recyclables","44":"product_tag-restaurant-fr-2","45":"product_tag-restauration","46":"product_tag-restauration-rapide","47":"product_tag-revetu","48":"product_tag-stock-de-cartes","49":"product_tag-tent-cards-fr","50":"product_tag-toppers-de-boite","51":"product_tag-type-de-papier","53":"first","54":"instock","55":"shipping-taxable","56":"product-type-variable","57":"prodpage-classic"},"jetpack_sharing_enabled":true,"jetpack_likes_enabled":true,"_links":{"self":[{"href":"https:\/\/solutionprint.ca\/fr\/wp-json\/wp\/v2\/product\/4175","targetHints":{"allow":["GET"]}}],"collection":[{"href":"https:\/\/solutionprint.ca\/fr\/wp-json\/wp\/v2\/product"}],"about":[{"href":"https:\/\/solutionprint.ca\/fr\/wp-json\/wp\/v2\/types\/product"}],"wp:featuredmedia":[{"embeddable":true,"href":"https:\/\/solutionprint.ca\/fr\/wp-json\/wp\/v2\/media\/3568"}],"wp:attachment":[{"href":"https:\/\/solutionprint.ca\/fr\/wp-json\/wp\/v2\/media?parent=4175"}],"wp:term":[{"taxonomy":"product_brand","embeddable":true,"href":"https:\/\/solutionprint.ca\/fr\/wp-json\/wp\/v2\/product_brand?post=4175"},{"taxonomy":"product_cat","embeddable":true,"href":"https:\/\/solutionprint.ca\/fr\/wp-json\/wp\/v2\/product_cat?post=4175"},{"taxonomy":"product_tag","embeddable":true,"href":"https:\/\/solutionprint.ca\/fr\/wp-json\/wp\/v2\/product_tag?post=4175"}],"curies":[{"name":"wp","href":"https:\/\/api.w.org\/{rel}","templated":true}]}}