{"id":4154,"date":"2021-12-21T09:13:32","date_gmt":"2022-01-20T18:39:15","guid":{"rendered":"https:\/\/dev.solutionprint.ca\/product\/accroches-porte\/"},"modified":"2022-01-20T13:39:15","modified_gmt":"2022-01-20T18:39:15","slug":"accroches-porte","status":"publish","type":"product","link":"https:\/\/solutionprint.ca\/fr\/produit\/accroches-porte\/","title":{"rendered":"Accroches Porte"},"content":{"rendered":"<p>Besoin de plus de visibilit\u00e9 et d&rsquo;augmenter votre port\u00e9e marketing dans votre r\u00e9gion ? Les accroches porte personnalis\u00e9es peuvent \u00eatre votre solution. C&rsquo;est un moyen suppl\u00e9mentaire de promouvoir et d&rsquo;augmenter la visibilit\u00e9 de votre entreprise.<\/p>\n<p>Cette technique de marketing porte-\u00e0-porte vous aidera \u00e0 introduire de nouveaux services, \u00e0 promouvoir vos ventes et \u00e0 attirer de nouveaux clients. Ils sont abordables, pratiques, fun et faciles \u00e0 accrocher sur tous types de poign\u00e9es de porte gr\u00e2ce aux trous et aux fentes. Avec plusieurs dimensions disponibles, votre conception personnalis\u00e9e peut en dire un peu ou beaucoup sur votre entreprise gr\u00e2ce \u00e0 ce service de marketing accrocheur. Atteindre de nouveaux prospects n&rsquo;est qu&rsquo;\u00e0 une poign\u00e9e de porte.<\/p>\n","protected":false},"excerpt":{"rendered":"<p>Accroches porte avec trous pratiques et fentes d\u00e9coup\u00e9es pour s&rsquo;accrocher \u00e0 n&rsquo;importe quelle poign\u00e9e de porte.<\/p>\n","protected":false},"featured_media":3578,"template":"","meta":[],"product_brand":[],"product_cat":[952,953],"product_tag":[1055,897,986,900,917,910,884,890,1056,909,914,888,881,901,883],"class_list":{"0":"post-4154","1":"product","2":"type-product","3":"status-publish","4":"has-post-thumbnail","6":"product_cat-produits-imprimes","7":"product_cat-produits-promotionnels","8":"product_tag-accroches-porte","9":"product_tag-carton-fr","10":"product_tag-impression-offset-fr","11":"product_tag-lalimentation","12":"product_tag-le-service","13":"product_tag-menu-fr","14":"product_tag-personnalisable-fr","15":"product_tag-personnalise-fr","16":"product_tag-porte-a-porte-fr","17":"product_tag-promotion","18":"product_tag-publicite-fr","19":"product_tag-recyclables","20":"product_tag-restaurant-fr-2","21":"product_tag-robuste-fr","22":"product_tag-stock-de-cartes","24":"first","25":"instock","26":"shipping-taxable","27":"product-type-variable","28":"prodpage-classic"},"jetpack_sharing_enabled":true,"jetpack_likes_enabled":true,"_links":{"self":[{"href":"https:\/\/solutionprint.ca\/fr\/wp-json\/wp\/v2\/product\/4154","targetHints":{"allow":["GET"]}}],"collection":[{"href":"https:\/\/solutionprint.ca\/fr\/wp-json\/wp\/v2\/product"}],"about":[{"href":"https:\/\/solutionprint.ca\/fr\/wp-json\/wp\/v2\/types\/product"}],"wp:featuredmedia":[{"embeddable":true,"href":"https:\/\/solutionprint.ca\/fr\/wp-json\/wp\/v2\/media\/3578"}],"wp:attachment":[{"href":"https:\/\/solutionprint.ca\/fr\/wp-json\/wp\/v2\/media?parent=4154"}],"wp:term":[{"taxonomy":"product_brand","embeddable":true,"href":"https:\/\/solutionprint.ca\/fr\/wp-json\/wp\/v2\/product_brand?post=4154"},{"taxonomy":"product_cat","embeddable":true,"href":"https:\/\/solutionprint.ca\/fr\/wp-json\/wp\/v2\/product_cat?post=4154"},{"taxonomy":"product_tag","embeddable":true,"href":"https:\/\/solutionprint.ca\/fr\/wp-json\/wp\/v2\/product_tag?post=4154"}],"curies":[{"name":"wp","href":"https:\/\/api.w.org\/{rel}","templated":true}]}}