{"id":4153,"date":"2021-12-17T16:35:58","date_gmt":"2022-01-20T18:39:13","guid":{"rendered":"https:\/\/dev.solutionprint.ca\/product\/boites-a-plateaux\/"},"modified":"2022-01-20T14:49:33","modified_gmt":"2022-01-20T19:49:33","slug":"boites-a-plateau","status":"publish","type":"product","link":"https:\/\/solutionprint.ca\/fr\/produit\/boites-a-plateau\/","title":{"rendered":"Bo\u00eetes \u00e0 Plateau"},"content":{"rendered":"<p class=\"p1\">Quels que soient vos besoins en bo\u00eete, que ce soit pour g\u00e2teaux, p\u00e2tisseries, p\u00e2tes, rago\u00fbts, poutines, salades avec vinaigrette ou tout autre aliment, nous avons la bo\u00eete qui vous convient. Ces bo\u00eetes avec des c\u00f4t\u00e9s coll\u00e9s, une fermeture \u00e0 crochet ou \u00e0 dessus plat sont disponibles dans une vari\u00e9t\u00e9 de tailles et de formes avec des options de rev\u00eatement et de ventilation. Nos boites personalis\u00e9es \u00e9l\u00e9veront votre pr\u00e9sentation au prochain niveau<\/p>\n","protected":false},"excerpt":{"rendered":"<p>Nos plateaux sont la meilleur solution pour vos besoin d&#8217;emballage de nourriture.<\/p>\n","protected":false},"featured_media":3216,"template":"","meta":[],"product_brand":[],"product_cat":[999],"product_tag":[886,916,892,893,897,904,905,895,931,903,906,1051,1052,928,896,900,882,917,894,887,930,929,884,890,898,909,914,899,888,927,907,881,889,901,883,926,902],"class_list":{"0":"post-4153","1":"product","2":"type-product","3":"status-publish","4":"has-post-thumbnail","6":"product_cat-boites-a-plateau","7":"product_tag-a-emporter","8":"product_tag-autocollants","9":"product_tag-boites","10":"product_tag-boites-de-plateaux","11":"product_tag-carton-fr","12":"product_tag-colle","13":"product_tag-deversement-prood","14":"product_tag-doublures","15":"product_tag-en-piles","16":"product_tag-enduit","17":"product_tag-etanche","18":"product_tag-fermeture-crochet","19":"product_tag-fermeture-plate","20":"product_tag-impression-offset","21":"product_tag-kraft-board-fr","22":"product_tag-lalimentation","23":"product_tag-lemballage","24":"product_tag-le-service","25":"product_tag-les-contenants-imprimes","26":"product_tag-livraison","27":"product_tag-non-couche","28":"product_tag-non-ventille","29":"product_tag-personnalisable-fr","30":"product_tag-personnalise-fr","31":"product_tag-personnalise-fr-2","32":"product_tag-promotion","33":"product_tag-publicite-fr","34":"product_tag-ramassage","35":"product_tag-recyclables","36":"product_tag-recycle","37":"product_tag-resistant-aux-graisses","38":"product_tag-restaurant-fr-2","39":"product_tag-restauration","40":"product_tag-robuste-fr","41":"product_tag-stock-de-cartes","42":"product_tag-type-de-papier","43":"product_tag-ventile","45":"first","46":"instock","47":"shipping-taxable","48":"product-type-simple","49":"prodpage-classic"},"jetpack_sharing_enabled":true,"jetpack_likes_enabled":true,"_links":{"self":[{"href":"https:\/\/solutionprint.ca\/fr\/wp-json\/wp\/v2\/product\/4153","targetHints":{"allow":["GET"]}}],"collection":[{"href":"https:\/\/solutionprint.ca\/fr\/wp-json\/wp\/v2\/product"}],"about":[{"href":"https:\/\/solutionprint.ca\/fr\/wp-json\/wp\/v2\/types\/product"}],"wp:featuredmedia":[{"embeddable":true,"href":"https:\/\/solutionprint.ca\/fr\/wp-json\/wp\/v2\/media\/3216"}],"wp:attachment":[{"href":"https:\/\/solutionprint.ca\/fr\/wp-json\/wp\/v2\/media?parent=4153"}],"wp:term":[{"taxonomy":"product_brand","embeddable":true,"href":"https:\/\/solutionprint.ca\/fr\/wp-json\/wp\/v2\/product_brand?post=4153"},{"taxonomy":"product_cat","embeddable":true,"href":"https:\/\/solutionprint.ca\/fr\/wp-json\/wp\/v2\/product_cat?post=4153"},{"taxonomy":"product_tag","embeddable":true,"href":"https:\/\/solutionprint.ca\/fr\/wp-json\/wp\/v2\/product_tag?post=4153"}],"curies":[{"name":"wp","href":"https:\/\/api.w.org\/{rel}","templated":true}]}}