{"id":4151,"date":"2021-12-20T15:39:53","date_gmt":"2022-01-20T18:28:57","guid":{"rendered":"https:\/\/dev.solutionprint.ca\/product\/gratteux\/"},"modified":"2022-01-21T14:53:34","modified_gmt":"2022-01-21T19:53:34","slug":"gratteux","status":"publish","type":"product","link":"https:\/\/solutionprint.ca\/fr\/produit\/gratteux\/","title":{"rendered":"Gratteux"},"content":{"rendered":"<p>Ce service vous fournit des cartes \u00e0 gratter que vos clientelles peuvent gratter pour r\u00e9v\u00e9ler des \u00e9conomies, des remises, des remises, des offres gratuites, des 2 pour 1 et d&rsquo;autres id\u00e9es que vous souhaitez promouvoir. Ils constituent un moyen amusant d&rsquo;attirer les clients dans votre magasin et une chance de les inviter \u00e0 tout ce que vous pouvez offrir.<\/p>\n<p>Vous pouvez coller ces grattoirs sur tous les autres produits que nous vous proposons tels que d\u00e9pliants, brochures, circulaires, livrets, etc. Personne ne peut r\u00e9sister \u00e0 un gratteux, alors profitez de ce service interactif amusant pour promouvoir n&rsquo;importe quoi.<\/p>\n","protected":false},"excerpt":{"rendered":"<p>Cartes \u00e0 gratter avec zone opaque (dor\u00e9e ou argent\u00e9e) laissant appara\u00eetre le message masqu\u00e9 de votre choix (fournissez-nous vos messages).<\/p>\n","protected":false},"featured_media":3349,"template":"","meta":[],"product_brand":[],"product_cat":[952,953],"product_tag":[1043,893,912,1044,1040,897,911,1047,1041,986,900,882,917,887,913,910,1157,884,898,890,909,914,1045,1042,881,885,883,915,926],"class_list":{"0":"post-4151","1":"product","2":"type-product","3":"status-publish","4":"has-post-thumbnail","6":"product_cat-produits-imprimes","7":"product_cat-produits-promotionnels","8":"product_tag-amusant","9":"product_tag-boites-de-plateaux","10":"product_tag-brochure-fr","11":"product_tag-cachee","12":"product_tag-cartes-a-gratter","13":"product_tag-carton-fr","14":"product_tag-depliant","15":"product_tag-gratteux-fr","16":"product_tag-gratteux","17":"product_tag-impression-offset-fr","18":"product_tag-lalimentation","19":"product_tag-lemballage","20":"product_tag-le-service","21":"product_tag-livraison","22":"product_tag-livret","23":"product_tag-menu-fr","24":"product_tag-offres-fr","25":"product_tag-personnalisable-fr","26":"product_tag-personnalise-fr-2","27":"product_tag-personnalise-fr","28":"product_tag-promotion","29":"product_tag-publicite-fr","30":"product_tag-rabais","31":"product_tag-reduction","32":"product_tag-restaurant-fr-2","33":"product_tag-restauration-rapide","34":"product_tag-stock-de-cartes","35":"product_tag-toppers-de-boite","36":"product_tag-type-de-papier","38":"first","39":"instock","40":"shipping-taxable","41":"product-type-variable","42":"prodpage-classic"},"jetpack_sharing_enabled":true,"jetpack_likes_enabled":true,"_links":{"self":[{"href":"https:\/\/solutionprint.ca\/fr\/wp-json\/wp\/v2\/product\/4151","targetHints":{"allow":["GET"]}}],"collection":[{"href":"https:\/\/solutionprint.ca\/fr\/wp-json\/wp\/v2\/product"}],"about":[{"href":"https:\/\/solutionprint.ca\/fr\/wp-json\/wp\/v2\/types\/product"}],"wp:featuredmedia":[{"embeddable":true,"href":"https:\/\/solutionprint.ca\/fr\/wp-json\/wp\/v2\/media\/3349"}],"wp:attachment":[{"href":"https:\/\/solutionprint.ca\/fr\/wp-json\/wp\/v2\/media?parent=4151"}],"wp:term":[{"taxonomy":"product_brand","embeddable":true,"href":"https:\/\/solutionprint.ca\/fr\/wp-json\/wp\/v2\/product_brand?post=4151"},{"taxonomy":"product_cat","embeddable":true,"href":"https:\/\/solutionprint.ca\/fr\/wp-json\/wp\/v2\/product_cat?post=4151"},{"taxonomy":"product_tag","embeddable":true,"href":"https:\/\/solutionprint.ca\/fr\/wp-json\/wp\/v2\/product_tag?post=4151"}],"curies":[{"name":"wp","href":"https:\/\/api.w.org\/{rel}","templated":true}]}}