{"id":4148,"date":"2021-12-17T15:00:03","date_gmt":"2022-01-20T18:17:57","guid":{"rendered":"https:\/\/dev.solutionprint.ca\/product\/autocollants-et-etiquettes\/"},"modified":"2022-01-21T14:52:23","modified_gmt":"2022-01-21T19:52:23","slug":"autocollants-et-etiquettes","status":"publish","type":"product","link":"https:\/\/solutionprint.ca\/fr\/produit\/autocollants-et-etiquettes\/","title":{"rendered":"Autocollants et \u00c9tiquettes"},"content":{"rendered":"<p>Cr\u00e9ez un look professionnel et de marque peu co\u00fbteux sur tous vos articles de marketing et de marchandise avec des \u00e9tiquettes et des autocollants personnalis\u00e9s. Profitez de cette occasion pour marquer et diversifier la pr\u00e9sentation de vos emballages et produits tels que pots, bouteilles, gobelets, bo\u00eetes, sacs, enveloppes ou simplement pour appliquer un autocollant sur tout ce que vous souhaitez attirer l&rsquo;attention.<\/p>\n<p>Les avantages suppl\u00e9mentaires des autocollants sont qu&rsquo;ils peuvent \u00eatre utilis\u00e9s comme sceaux inviolables, sceaux de s\u00e9curit\u00e9 ou preuves d&rsquo;achat et qui peuvent \u00eatre appliqu\u00e9s sur des bo\u00eetes et d&rsquo;autres de vos produits. Disponibles dans une gamme de diemnsions et de formes, ils sont parfaits pour les projets de petite \u00e0 moyenne quantit\u00e9 ainsi que pour les grandes quantit\u00e9s. Les autocollants et les \u00e9tiquettes sont livr\u00e9s en rouleaux avec des autocollants d\u00e9tachables. Ressorter et faites-vous remarquer gr\u00e2ce \u00e0 cette solution simple et \u00e9conomique.<\/p>\n","protected":false},"excerpt":{"rendered":"<p>Autocollants et \u00e9tiquettes, d\u00e9tachables, livr\u00e9s en rouleaux, avec options de finition.<\/p>\n","protected":false},"featured_media":3179,"template":"","meta":[],"product_brand":[],"product_cat":[952,953],"product_tag":[1159,886,1037,892,893,1031,891,1001,1036,986,1032,882,887,910,884,890,1038,909,914,881,885,1033,1035],"class_list":{"0":"post-4148","1":"product","2":"type-product","3":"status-publish","4":"has-post-thumbnail","6":"product_cat-produits-imprimes","7":"product_cat-produits-promotionnels","8":"product_tag-a-decoller","9":"product_tag-a-emporter","10":"product_tag-autocollant","11":"product_tag-boites","12":"product_tag-boites-de-plateaux","13":"product_tag-bouteille","14":"product_tag-conteneur","15":"product_tag-emballage","16":"product_tag-etiquete","17":"product_tag-impression-offset-fr","18":"product_tag-inviolable","19":"product_tag-lemballage","20":"product_tag-livraison","21":"product_tag-menu-fr","22":"product_tag-personnalisable-fr","23":"product_tag-personnalise-fr","24":"product_tag-preuve-dachat","25":"product_tag-promotion","26":"product_tag-publicite-fr","27":"product_tag-restaurant-fr-2","28":"product_tag-restauration-rapide","29":"product_tag-rouleau","30":"product_tag-sacs","32":"first","33":"instock","34":"shipping-taxable","35":"product-type-variable","36":"prodpage-classic"},"jetpack_sharing_enabled":true,"jetpack_likes_enabled":true,"_links":{"self":[{"href":"https:\/\/solutionprint.ca\/fr\/wp-json\/wp\/v2\/product\/4148","targetHints":{"allow":["GET"]}}],"collection":[{"href":"https:\/\/solutionprint.ca\/fr\/wp-json\/wp\/v2\/product"}],"about":[{"href":"https:\/\/solutionprint.ca\/fr\/wp-json\/wp\/v2\/types\/product"}],"wp:featuredmedia":[{"embeddable":true,"href":"https:\/\/solutionprint.ca\/fr\/wp-json\/wp\/v2\/media\/3179"}],"wp:attachment":[{"href":"https:\/\/solutionprint.ca\/fr\/wp-json\/wp\/v2\/media?parent=4148"}],"wp:term":[{"taxonomy":"product_brand","embeddable":true,"href":"https:\/\/solutionprint.ca\/fr\/wp-json\/wp\/v2\/product_brand?post=4148"},{"taxonomy":"product_cat","embeddable":true,"href":"https:\/\/solutionprint.ca\/fr\/wp-json\/wp\/v2\/product_cat?post=4148"},{"taxonomy":"product_tag","embeddable":true,"href":"https:\/\/solutionprint.ca\/fr\/wp-json\/wp\/v2\/product_tag?post=4148"}],"curies":[{"name":"wp","href":"https:\/\/api.w.org\/{rel}","templated":true}]}}