{"id":4145,"date":"2021-12-17T14:37:41","date_gmt":"2022-01-20T18:07:38","guid":{"rendered":"https:\/\/dev.solutionprint.ca\/product\/dessus-de-boite\/"},"modified":"2022-01-21T14:55:03","modified_gmt":"2022-01-21T19:55:03","slug":"dessus-de-boite","status":"publish","type":"product","link":"https:\/\/solutionprint.ca\/fr\/produit\/dessus-de-boite\/","title":{"rendered":"Dessus de Bo\u00eete"},"content":{"rendered":"<p>Donnez \u00e0 vos bo\u00eetes alimentaires en carton ondul\u00e9 non imprim\u00e9es ou \u00e0 d&rsquo;autres contenants alimentaires un look unique et personnalis\u00e9 \u00e0 faible co\u00fbt qui \u00e9patera votre public avec ces dessus de bo\u00eete.<\/p>\n<p>Cette page imprim\u00e9e unique peut changer aussi souvent que vous le souhaitez pour vendre vos produits, par exemple, changement de saisons, vacances, promotions sp\u00e9ciales, coupons, occasions sp\u00e9ciales et encore beaucoup plus. Rentable du petit au grand volume, c&rsquo;est un moyen simple de rendre vos conteneurs attrayants en les attachant simplement \u00e0 vos bo\u00eetes. Les id\u00e9es et les concepts sont illimit\u00e9s. Ajoutez \u00e0 vos bo\u00eetes d&rsquo;une feuille dessus de bo\u00eete.<\/p>\n","protected":false},"excerpt":{"rendered":"<p>Les dessus de bo\u00eetes lorsque seules des feuilles imprim\u00e9es sont requis \u00e0 \u00eatre affix\u00e9es au lieu des bo\u00eetes alimentaires imprim\u00e9es.<\/p>\n","protected":false},"featured_media":3162,"template":"","meta":[],"product_brand":[],"product_cat":[952,953],"product_tag":[886,1016,986,882,887,910,1026,884,890,909,914,888,881,885,915,926],"class_list":{"0":"post-4145","1":"product","2":"type-product","3":"status-publish","4":"has-post-thumbnail","6":"product_cat-produits-imprimes","7":"product_cat-produits-promotionnels","8":"product_tag-a-emporter","9":"product_tag-feuilles-de-papier","10":"product_tag-impression-offset-fr","11":"product_tag-lemballage","12":"product_tag-livraison","13":"product_tag-menu-fr","14":"product_tag-ondulee","15":"product_tag-personnalisable-fr","16":"product_tag-personnalise-fr","17":"product_tag-promotion","18":"product_tag-publicite-fr","19":"product_tag-recyclables","20":"product_tag-restaurant-fr-2","21":"product_tag-restauration-rapide","22":"product_tag-toppers-de-boite","23":"product_tag-type-de-papier","25":"first","26":"instock","27":"shipping-taxable","28":"product-type-variable","29":"prodpage-classic"},"jetpack_sharing_enabled":true,"jetpack_likes_enabled":true,"_links":{"self":[{"href":"https:\/\/solutionprint.ca\/fr\/wp-json\/wp\/v2\/product\/4145","targetHints":{"allow":["GET"]}}],"collection":[{"href":"https:\/\/solutionprint.ca\/fr\/wp-json\/wp\/v2\/product"}],"about":[{"href":"https:\/\/solutionprint.ca\/fr\/wp-json\/wp\/v2\/types\/product"}],"wp:featuredmedia":[{"embeddable":true,"href":"https:\/\/solutionprint.ca\/fr\/wp-json\/wp\/v2\/media\/3162"}],"wp:attachment":[{"href":"https:\/\/solutionprint.ca\/fr\/wp-json\/wp\/v2\/media?parent=4145"}],"wp:term":[{"taxonomy":"product_brand","embeddable":true,"href":"https:\/\/solutionprint.ca\/fr\/wp-json\/wp\/v2\/product_brand?post=4145"},{"taxonomy":"product_cat","embeddable":true,"href":"https:\/\/solutionprint.ca\/fr\/wp-json\/wp\/v2\/product_cat?post=4145"},{"taxonomy":"product_tag","embeddable":true,"href":"https:\/\/solutionprint.ca\/fr\/wp-json\/wp\/v2\/product_tag?post=4145"}],"curies":[{"name":"wp","href":"https:\/\/api.w.org\/{rel}","templated":true}]}}