{"id":4143,"date":"2021-12-17T09:05:10","date_gmt":"2022-01-20T17:54:15","guid":{"rendered":"https:\/\/dev.solutionprint.ca\/product\/ncr-recus-factures\/"},"modified":"2022-01-20T14:52:02","modified_gmt":"2022-01-20T19:52:02","slug":"ncr-recus-factures","status":"publish","type":"product","link":"https:\/\/solutionprint.ca\/fr\/produit\/ncr-recus-factures\/","title":{"rendered":"NCR (re\u00e7us, factures)"},"content":{"rendered":"<p>NRC, \u00e9galement appel\u00e9s facture, bon de commande, re\u00e7u, facture d&rsquo;achat, bon de livraison, et ainsi de suite.<\/p>\n<p>Ces formulaires sont indispensables pour la facturation et nous pouvons en personnaliser un selon vos besoins. Ils existent en diff\u00e9rentes dimensions, en 2 parties (blanc, jaune) ou 3 parties (blanc, jaune, rose) et sont autocopiants. Avec une couverture enveloppante pratique pour emp\u00eacher l&rsquo;\u00e9criture d&rsquo;appara\u00eetre sur la page ci-dessous. Vous pouvez choisir avec bordure de haut agraf\u00e9s ou coll\u00e9s ou en feuilles individuels. Perfor\u00e9 pour un d\u00e9chirement facile et imprim\u00e9 en 1 couleur ou 2 couleurs. Ces formulaires peuvent \u00e9galement \u00eatre num\u00e9rot\u00e9s s\u00e9quentiellement pour faciliter le suivi.<\/p>\n<p>Comme avantage, le fait d&rsquo;avoir des copies s\u00e9par\u00e9es peut \u00eatre utilis\u00e9 comme re\u00e7u pour un client, \u00e0 des fins de tenue de registres, de v\u00e9rification d&rsquo;invit\u00e9 pour le serveur, le personnel de cuisine ou d&rsquo;autres besoins.<\/p>\n","protected":false},"excerpt":{"rendered":"<p>Blocs NCR en 2 ou 3 parties, dessus agraf\u00e9, dessus coll\u00e9, feuilles individuels, perfor\u00e9s, num\u00e9rot\u00e9s et autres options.<\/p>\n","protected":false},"featured_media":3143,"template":"","meta":[],"product_brand":[],"product_cat":[1000],"product_tag":[886,1011,1002,891,1015,1012,1013,1016,1004,880,882,887,910,884,890,881,885,1014,883,915,926],"class_list":{"0":"post-4143","1":"product","2":"type-product","3":"status-publish","4":"has-post-thumbnail","6":"product_cat-blocs-notes-et-formulaires","7":"product_tag-a-emporter","8":"product_tag-blocs-notes","9":"product_tag-camion-de-nourriture","10":"product_tag-conteneur","11":"product_tag-cuisinier","12":"product_tag-dessus-agrafe","13":"product_tag-dessus-colle","14":"product_tag-feuilles-de-papier","15":"product_tag-flexo-fr","16":"product_tag-jetable","17":"product_tag-lemballage","18":"product_tag-livraison","19":"product_tag-menu-fr","20":"product_tag-personnalisable-fr","21":"product_tag-personnalise-fr","22":"product_tag-restaurant-fr-2","23":"product_tag-restauration-rapide","24":"product_tag-serveur","25":"product_tag-stock-de-cartes","26":"product_tag-toppers-de-boite","27":"product_tag-type-de-papier","29":"first","30":"instock","31":"shipping-taxable","32":"product-type-variable","33":"prodpage-classic"},"jetpack_sharing_enabled":true,"jetpack_likes_enabled":true,"_links":{"self":[{"href":"https:\/\/solutionprint.ca\/fr\/wp-json\/wp\/v2\/product\/4143","targetHints":{"allow":["GET"]}}],"collection":[{"href":"https:\/\/solutionprint.ca\/fr\/wp-json\/wp\/v2\/product"}],"about":[{"href":"https:\/\/solutionprint.ca\/fr\/wp-json\/wp\/v2\/types\/product"}],"wp:featuredmedia":[{"embeddable":true,"href":"https:\/\/solutionprint.ca\/fr\/wp-json\/wp\/v2\/media\/3143"}],"wp:attachment":[{"href":"https:\/\/solutionprint.ca\/fr\/wp-json\/wp\/v2\/media?parent=4143"}],"wp:term":[{"taxonomy":"product_brand","embeddable":true,"href":"https:\/\/solutionprint.ca\/fr\/wp-json\/wp\/v2\/product_brand?post=4143"},{"taxonomy":"product_cat","embeddable":true,"href":"https:\/\/solutionprint.ca\/fr\/wp-json\/wp\/v2\/product_cat?post=4143"},{"taxonomy":"product_tag","embeddable":true,"href":"https:\/\/solutionprint.ca\/fr\/wp-json\/wp\/v2\/product_tag?post=4143"}],"curies":[{"name":"wp","href":"https:\/\/api.w.org\/{rel}","templated":true}]}}