{"id":4141,"date":"2021-12-20T08:00:52","date_gmt":"2022-01-20T17:36:19","guid":{"rendered":"https:\/\/dev.solutionprint.ca\/product\/boites-a-patisserie\/"},"modified":"2022-01-20T14:38:42","modified_gmt":"2022-01-20T19:38:42","slug":"boites-a-patisserie","status":"publish","type":"product","link":"https:\/\/solutionprint.ca\/fr\/produit\/boites-a-patisserie\/","title":{"rendered":"Bo\u00eetes \u00e0 Patisserie"},"content":{"rendered":"<p>Si vous cherchez des boites pour vos produits de p\u00e2tisserie, notre selection vous surprendra. Nos boites parcourir toute la gamme de petites grandeur pour la p\u00e2tisserie du Moyen-Orient comme le baklava, kunefe, kaday\u0131f ou lokma au plus gros pour les tartelettes traditionelles, tartes, or des g\u00e2teaux, on a le produit pour votre situation.<\/p>\n","protected":false},"excerpt":{"rendered":"<p>Boites \u00e0 p\u00e2tisserie pour tout usage<\/p>\n","protected":false},"featured_media":3306,"template":"","meta":[],"product_brand":[],"product_cat":[998],"product_tag":[886,916,938,892,893,897,904,905,895,932,931,903,906,935,939,928,896,900,882,917,894,887,936,933,934,930,929,937,884,890,898,940,909,914,899,888,927,907,881,901,883,915,926,902],"class_list":{"0":"post-4141","1":"product","2":"type-product","3":"status-publish","4":"has-post-thumbnail","6":"product_cat-boites-alimentaires","7":"product_tag-a-emporter","8":"product_tag-autocollants","9":"product_tag-basse-capacite","10":"product_tag-boites","11":"product_tag-boites-de-plateaux","12":"product_tag-carton-fr","13":"product_tag-colle","14":"product_tag-deversement-prood","15":"product_tag-doublures","16":"product_tag-emballages","17":"product_tag-en-piles","18":"product_tag-enduit","19":"product_tag-etanche","20":"product_tag-etiquettes","21":"product_tag-grande-capacite","22":"product_tag-impression-offset","23":"product_tag-kraft-board-fr","24":"product_tag-lalimentation","25":"product_tag-lemballage","26":"product_tag-le-service","27":"product_tag-les-contenants-imprimes","28":"product_tag-livraison","29":"product_tag-menus-fr","30":"product_tag-napperons-fr","31":"product_tag-ncr-fr","32":"product_tag-non-couche","33":"product_tag-non-ventille","34":"product_tag-papier","35":"product_tag-personnalisable-fr","36":"product_tag-personnalise-fr","37":"product_tag-personnalise-fr-2","38":"product_tag-presse-dimprimerie","39":"product_tag-promotion","40":"product_tag-publicite-fr","41":"product_tag-ramassage","42":"product_tag-recyclables","43":"product_tag-recycle","44":"product_tag-resistant-aux-graisses","45":"product_tag-restaurant-fr-2","46":"product_tag-robuste-fr","47":"product_tag-stock-de-cartes","48":"product_tag-toppers-de-boite","49":"product_tag-type-de-papier","50":"product_tag-ventile","52":"first","53":"outofstock","54":"shipping-taxable","55":"purchasable","56":"product-type-variable","57":"prodpage-classic"},"jetpack_sharing_enabled":true,"jetpack_likes_enabled":true,"_links":{"self":[{"href":"https:\/\/solutionprint.ca\/fr\/wp-json\/wp\/v2\/product\/4141","targetHints":{"allow":["GET"]}}],"collection":[{"href":"https:\/\/solutionprint.ca\/fr\/wp-json\/wp\/v2\/product"}],"about":[{"href":"https:\/\/solutionprint.ca\/fr\/wp-json\/wp\/v2\/types\/product"}],"wp:featuredmedia":[{"embeddable":true,"href":"https:\/\/solutionprint.ca\/fr\/wp-json\/wp\/v2\/media\/3306"}],"wp:attachment":[{"href":"https:\/\/solutionprint.ca\/fr\/wp-json\/wp\/v2\/media?parent=4141"}],"wp:term":[{"taxonomy":"product_brand","embeddable":true,"href":"https:\/\/solutionprint.ca\/fr\/wp-json\/wp\/v2\/product_brand?post=4141"},{"taxonomy":"product_cat","embeddable":true,"href":"https:\/\/solutionprint.ca\/fr\/wp-json\/wp\/v2\/product_cat?post=4141"},{"taxonomy":"product_tag","embeddable":true,"href":"https:\/\/solutionprint.ca\/fr\/wp-json\/wp\/v2\/product_tag?post=4141"}],"curies":[{"name":"wp","href":"https:\/\/api.w.org\/{rel}","templated":true}]}}