{"id":4139,"date":"2021-12-17T09:05:32","date_gmt":"2022-01-20T17:26:37","guid":{"rendered":"https:\/\/dev.solutionprint.ca\/product\/bloc-notes\/"},"modified":"2022-01-20T14:50:55","modified_gmt":"2022-01-20T19:50:55","slug":"blocs-notes","status":"publish","type":"product","link":"https:\/\/solutionprint.ca\/fr\/produit\/blocs-notes\/","title":{"rendered":"Bloc-Notes"},"content":{"rendered":"<p>Des bloc-notes lorsque vous avez besoin d&rsquo;un papier instantan\u00e9 pour \u00e9crire une note, avec bordure de haut agraf\u00e9s ou coll\u00e9s ou en feuilles individuels. Imprim\u00e9s en couleur et personnalisables, ces blocs-notes pratiques sont parfaits \u00e0 distribuer aux clients, serveurs ou cuisiniers, m\u00eame aux amis et \u00e0 la famille. Donnez \u00e0 votre entreprise un autre moyen d&rsquo;\u00eatre remarqu\u00e9.<\/p>\n","protected":false},"excerpt":{"rendered":"<p>Blocs-notes, personnalis\u00e9s pour votre entreprise.<\/p>\n","protected":false},"featured_media":3145,"template":"","meta":[],"product_brand":[],"product_cat":[1000,952,953],"product_tag":[1018,1011,1017,1015,1012,1013,1016,1158,986,884,890,909,1014,926],"class_list":{"0":"post-4139","1":"product","2":"type-product","3":"status-publish","4":"has-post-thumbnail","6":"product_cat-blocs-notes-et-formulaires","7":"product_cat-produits-imprimes","8":"product_cat-produits-promotionnels","9":"product_tag-arracher","10":"product_tag-blocs-notes","11":"product_tag-cuisine","12":"product_tag-cuisinier","13":"product_tag-dessus-agrafe","14":"product_tag-dessus-colle","15":"product_tag-feuilles-de-papier","16":"product_tag-feuilles-individuels","17":"product_tag-impression-offset-fr","18":"product_tag-personnalisable-fr","19":"product_tag-personnalise-fr","20":"product_tag-promotion","21":"product_tag-serveur","22":"product_tag-type-de-papier","24":"first","25":"instock","26":"shipping-taxable","27":"product-type-variable","28":"prodpage-classic"},"jetpack_sharing_enabled":true,"jetpack_likes_enabled":true,"_links":{"self":[{"href":"https:\/\/solutionprint.ca\/fr\/wp-json\/wp\/v2\/product\/4139","targetHints":{"allow":["GET"]}}],"collection":[{"href":"https:\/\/solutionprint.ca\/fr\/wp-json\/wp\/v2\/product"}],"about":[{"href":"https:\/\/solutionprint.ca\/fr\/wp-json\/wp\/v2\/types\/product"}],"wp:featuredmedia":[{"embeddable":true,"href":"https:\/\/solutionprint.ca\/fr\/wp-json\/wp\/v2\/media\/3145"}],"wp:attachment":[{"href":"https:\/\/solutionprint.ca\/fr\/wp-json\/wp\/v2\/media?parent=4139"}],"wp:term":[{"taxonomy":"product_brand","embeddable":true,"href":"https:\/\/solutionprint.ca\/fr\/wp-json\/wp\/v2\/product_brand?post=4139"},{"taxonomy":"product_cat","embeddable":true,"href":"https:\/\/solutionprint.ca\/fr\/wp-json\/wp\/v2\/product_cat?post=4139"},{"taxonomy":"product_tag","embeddable":true,"href":"https:\/\/solutionprint.ca\/fr\/wp-json\/wp\/v2\/product_tag?post=4139"}],"curies":[{"name":"wp","href":"https:\/\/api.w.org\/{rel}","templated":true}]}}