{"id":4137,"date":"2021-12-17T08:47:25","date_gmt":"2022-01-20T16:15:59","guid":{"rendered":"https:\/\/dev.solutionprint.ca\/product\/papier-cire-papier-demballage-doublure-a-boite\/"},"modified":"2022-01-20T11:26:06","modified_gmt":"2022-01-20T16:26:06","slug":"papier-cire-papier-emballage-doublure-a-boite","status":"publish","type":"product","link":"https:\/\/solutionprint.ca\/fr\/produit\/papier-cire-papier-emballage-doublure-a-boite\/","title":{"rendered":"Papier Cir\u00e9 \/ Papier d&rsquo;Emballage \/ Doublure \u00e0 Bo\u00eete"},"content":{"rendered":"<p>Besoin de donner \u00e0 vos aliments une protection suppl\u00e9mentaire, de s\u00e9parer les articles ou d&#8217;emp\u00eacher certains aliments de toucher les autres, alors ces papiers d&#8217;emballage ou papiers cir\u00e9s sont la solution parfaite, en plus ils ajoutent une touche suppl\u00e9mentaire \u00e0 la pr\u00e9sentation des aliments. Ils aident \u00e0 tenir les alliments tels que les wraps, calzones, burritos, gyros ou paninis avec facilit\u00e9 et avec moins de d\u00e9g\u00e2ts. Rev\u00eater vos paniers \u00e0 frites, bo\u00eetes, assiettes ou autres articles avec une touche personnalis\u00e9e.<\/p>\n<p>Ces doublures jetables en tissu sont fabriqu\u00e9es \u00e0 partir de mat\u00e9riaux de qualit\u00e9 alimentaire, sont r\u00e9sistants aux graisses et emp\u00eachent les sauces de s&rsquo;\u00e9couler. Bon pour les aliments chauds et froids. Ces doublures vont au four \u00e0 micro-ondes et au four, et peuvent \u00eatre utilis\u00e9s pour couvrir les assiettes au micro-ondes pour \u00e9viter les \u00e9claboussures salissantes. Respectueux de l&rsquo;environnement, ils sont fabriqu\u00e9s \u00e0 partir de papier recycl\u00e9 et sont recyclables. Personnalisable pour donner une touche \u00e9l\u00e9gante \u00e0 n&rsquo;importe quel repas ! Parfait pour les camions de restauration, plats \u00e0 emporter, livraisons, restaurants rapide et bien plus encore.<\/p>\n","protected":false},"excerpt":{"rendered":"<p>Emballages alimentaires, semblables \u00e0 des tissus, sans danger pour les aliments, utiles pour les contenants alimentaires.<\/p>\n","protected":false},"featured_media":3116,"template":"","meta":[],"product_brand":[],"product_cat":[1000,879,925,999,998,953],"product_tag":[886,1002,891,957,954,955,1001,1004,880,882,887,956,959,884,890,909,960,888,881,889,885,1003],"class_list":{"0":"post-4137","1":"product","2":"type-product","3":"status-publish","4":"has-post-thumbnail","6":"product_cat-blocs-notes-et-formulaires","7":"product_cat-boites-a-lunch","8":"product_cat-boites-a-pizza","9":"product_cat-boites-a-plateau","10":"product_cat-boites-alimentaires","11":"product_cat-produits-promotionnels","12":"product_tag-a-emporter","13":"product_tag-camion-de-nourriture","14":"product_tag-conteneur","15":"product_tag-dessus-de-la-table","16":"product_tag-doublure","17":"product_tag-doublure-pour-plateau","18":"product_tag-emballage","19":"product_tag-flexo-fr","20":"product_tag-jetable","21":"product_tag-lemballage","22":"product_tag-livraison","23":"product_tag-napperon","24":"product_tag-nettoyage-facile","25":"product_tag-personnalisable-fr","26":"product_tag-personnalise-fr","27":"product_tag-promotion","28":"product_tag-propre","29":"product_tag-recyclables","30":"product_tag-restaurant-fr-2","31":"product_tag-restauration","32":"product_tag-restauration-rapide","33":"product_tag-secure-pour-la-nourriture","35":"first","36":"instock","37":"shipping-taxable","38":"product-type-variable","39":"prodpage-classic"},"jetpack_sharing_enabled":true,"jetpack_likes_enabled":true,"_links":{"self":[{"href":"https:\/\/solutionprint.ca\/fr\/wp-json\/wp\/v2\/product\/4137","targetHints":{"allow":["GET"]}}],"collection":[{"href":"https:\/\/solutionprint.ca\/fr\/wp-json\/wp\/v2\/product"}],"about":[{"href":"https:\/\/solutionprint.ca\/fr\/wp-json\/wp\/v2\/types\/product"}],"wp:featuredmedia":[{"embeddable":true,"href":"https:\/\/solutionprint.ca\/fr\/wp-json\/wp\/v2\/media\/3116"}],"wp:attachment":[{"href":"https:\/\/solutionprint.ca\/fr\/wp-json\/wp\/v2\/media?parent=4137"}],"wp:term":[{"taxonomy":"product_brand","embeddable":true,"href":"https:\/\/solutionprint.ca\/fr\/wp-json\/wp\/v2\/product_brand?post=4137"},{"taxonomy":"product_cat","embeddable":true,"href":"https:\/\/solutionprint.ca\/fr\/wp-json\/wp\/v2\/product_cat?post=4137"},{"taxonomy":"product_tag","embeddable":true,"href":"https:\/\/solutionprint.ca\/fr\/wp-json\/wp\/v2\/product_tag?post=4137"}],"curies":[{"name":"wp","href":"https:\/\/api.w.org\/{rel}","templated":true}]}}