{"id":4135,"date":"2021-12-16T17:32:49","date_gmt":"2022-01-20T15:00:47","guid":{"rendered":"https:\/\/dev.solutionprint.ca\/product\/circulaires\/"},"modified":"2022-01-20T14:53:54","modified_gmt":"2022-01-20T19:53:54","slug":"circulaires","status":"publish","type":"product","link":"https:\/\/solutionprint.ca\/fr\/produit\/circulaires\/","title":{"rendered":"Circulaires"},"content":{"rendered":"<p>Les circulaires, un produit promotionnel imprim\u00e9 et sans plis et d&rsquo;autres documents imprim\u00e9s sont un moyen pratique de montrer aux consommateurs ce que vous offrez en termes d&rsquo;aliments ou de tout autre service ou produit. Ajoutez un coupon ou un grattoir pour donner encore plus d&rsquo;avantages \u00e0 votre circulaire.<\/p>\n<p>Avec de nombreuses dimensions, formats et stocks de papier \u00e0 choisir et avec notre \u00e9quipe de graphistes talentueux qui peuvent personnaliser selon vos besoins. Ils vont tr\u00e8s bien avec vos autres imprim\u00e9s ou tout seul. Laissez votre imagination aller avec ces circulaires.<\/p>\n","protected":false},"excerpt":{"rendered":"<p>Circulaires disponibles en plusieurs dimensions et papier. Impression sur 1 c\u00f4t\u00e9 ou 2 c\u00f4t\u00e9s. Haut et bas volume.<\/p>\n","protected":false},"featured_media":4038,"template":"","meta":[],"product_brand":[],"product_cat":[952],"product_tag":[886,892,893,912,982,991,897,990,911,984,985,986,900,882,917,887,910,884,909,914,881,889,885,883,915,926],"class_list":{"0":"post-4135","1":"product","2":"type-product","3":"status-publish","4":"has-post-thumbnail","6":"product_cat-produits-imprimes","7":"product_tag-a-emporter","8":"product_tag-boites","9":"product_tag-boites-de-plateaux","10":"product_tag-brochure-fr","11":"product_tag-brochure-fr-3","12":"product_tag-carte-a-gratter","13":"product_tag-carton-fr","14":"product_tag-coupon-fr","15":"product_tag-depliant","16":"product_tag-envoi-postal","17":"product_tag-impression-numerique","18":"product_tag-impression-offset-fr","19":"product_tag-lalimentation","20":"product_tag-lemballage","21":"product_tag-le-service","22":"product_tag-livraison","23":"product_tag-menu-fr","24":"product_tag-personnalisable-fr","25":"product_tag-promotion","26":"product_tag-publicite-fr","27":"product_tag-restaurant-fr-2","28":"product_tag-restauration","29":"product_tag-restauration-rapide","30":"product_tag-stock-de-cartes","31":"product_tag-toppers-de-boite","32":"product_tag-type-de-papier","34":"first","35":"instock","36":"shipping-taxable","37":"product-type-variable","38":"prodpage-classic"},"jetpack_sharing_enabled":true,"jetpack_likes_enabled":true,"_links":{"self":[{"href":"https:\/\/solutionprint.ca\/fr\/wp-json\/wp\/v2\/product\/4135","targetHints":{"allow":["GET"]}}],"collection":[{"href":"https:\/\/solutionprint.ca\/fr\/wp-json\/wp\/v2\/product"}],"about":[{"href":"https:\/\/solutionprint.ca\/fr\/wp-json\/wp\/v2\/types\/product"}],"wp:featuredmedia":[{"embeddable":true,"href":"https:\/\/solutionprint.ca\/fr\/wp-json\/wp\/v2\/media\/4038"}],"wp:attachment":[{"href":"https:\/\/solutionprint.ca\/fr\/wp-json\/wp\/v2\/media?parent=4135"}],"wp:term":[{"taxonomy":"product_brand","embeddable":true,"href":"https:\/\/solutionprint.ca\/fr\/wp-json\/wp\/v2\/product_brand?post=4135"},{"taxonomy":"product_cat","embeddable":true,"href":"https:\/\/solutionprint.ca\/fr\/wp-json\/wp\/v2\/product_cat?post=4135"},{"taxonomy":"product_tag","embeddable":true,"href":"https:\/\/solutionprint.ca\/fr\/wp-json\/wp\/v2\/product_tag?post=4135"}],"curies":[{"name":"wp","href":"https:\/\/api.w.org\/{rel}","templated":true}]}}