{"id":4133,"date":"2021-12-10T14:56:40","date_gmt":"2022-01-20T14:44:37","guid":{"rendered":"https:\/\/dev.solutionprint.ca\/product\/brochures\/"},"modified":"2022-01-20T10:00:57","modified_gmt":"2022-01-20T15:00:57","slug":"depliants","status":"publish","type":"product","link":"https:\/\/solutionprint.ca\/fr\/produit\/depliants\/","title":{"rendered":"D\u00e9pliants"},"content":{"rendered":"<p>Les d\u00e9pliants, pamphlets ou brochures sont un moyen pratique de montrer aux consommateurs ce que vous proposez en termes d&rsquo;aliments ou de tout autre service ou produit. Choisissez parmi 1 pli, 2 plis ou 3 plis, avec votre produit final coup\u00e9 et pli\u00e9.<\/p>\n<p>Avec de nombreuses dimensions, formats et stocks de papier parmi lesquels choisir et avec notre \u00e9quipe de graphistes talentueux qui peuvent en personnaliser un selon vos besoins, vous \u00eates s\u00fbr d&rsquo;impressionner les consommateurs pour vous remarquer et ce que vous avez \u00e0 offrir. Nous avons tous les outils pour faire de vos besoins une r\u00e9alit\u00e9. Les possibilit\u00e9s sont infinies. Faites-nous savoir ce que vous voulez et nous le r\u00e9aliserons.<\/p>\n","protected":false},"excerpt":{"rendered":"<p>Les brochures, d\u00e9pliants ou pamphlets sont disponibles en plusieurs dimensions et papiers, options de pliage et plus encore. Haut et bas volume.<\/p>\n","protected":false},"featured_media":3166,"template":"","meta":[],"product_brand":[],"product_cat":[952],"product_tag":[886,892,893,912,981,982,897,891,911,984,985,986,900,882,917,887,913,910,884,890,898,983,909,914,899,881,889,885,883,926],"class_list":{"0":"post-4133","1":"product","2":"type-product","3":"status-publish","4":"has-post-thumbnail","6":"product_cat-produits-imprimes","7":"product_tag-a-emporter","8":"product_tag-boites","9":"product_tag-boites-de-plateaux","10":"product_tag-brochure-fr","11":"product_tag-brochure-fr-2","12":"product_tag-brochure-fr-3","13":"product_tag-carton-fr","14":"product_tag-conteneur","15":"product_tag-depliant","16":"product_tag-envoi-postal","17":"product_tag-impression-numerique","18":"product_tag-impression-offset-fr","19":"product_tag-lalimentation","20":"product_tag-lemballage","21":"product_tag-le-service","22":"product_tag-livraison","23":"product_tag-livret","24":"product_tag-menu-fr","25":"product_tag-personnalisable-fr","26":"product_tag-personnalise-fr","27":"product_tag-personnalise-fr-2","28":"product_tag-plis","29":"product_tag-promotion","30":"product_tag-publicite-fr","31":"product_tag-ramassage","32":"product_tag-restaurant-fr-2","33":"product_tag-restauration","34":"product_tag-restauration-rapide","35":"product_tag-stock-de-cartes","36":"product_tag-type-de-papier","38":"first","39":"instock","40":"shipping-taxable","41":"product-type-variable","42":"prodpage-classic"},"jetpack_sharing_enabled":true,"jetpack_likes_enabled":true,"_links":{"self":[{"href":"https:\/\/solutionprint.ca\/fr\/wp-json\/wp\/v2\/product\/4133","targetHints":{"allow":["GET"]}}],"collection":[{"href":"https:\/\/solutionprint.ca\/fr\/wp-json\/wp\/v2\/product"}],"about":[{"href":"https:\/\/solutionprint.ca\/fr\/wp-json\/wp\/v2\/types\/product"}],"wp:featuredmedia":[{"embeddable":true,"href":"https:\/\/solutionprint.ca\/fr\/wp-json\/wp\/v2\/media\/3166"}],"wp:attachment":[{"href":"https:\/\/solutionprint.ca\/fr\/wp-json\/wp\/v2\/media?parent=4133"}],"wp:term":[{"taxonomy":"product_brand","embeddable":true,"href":"https:\/\/solutionprint.ca\/fr\/wp-json\/wp\/v2\/product_brand?post=4133"},{"taxonomy":"product_cat","embeddable":true,"href":"https:\/\/solutionprint.ca\/fr\/wp-json\/wp\/v2\/product_cat?post=4133"},{"taxonomy":"product_tag","embeddable":true,"href":"https:\/\/solutionprint.ca\/fr\/wp-json\/wp\/v2\/product_tag?post=4133"}],"curies":[{"name":"wp","href":"https:\/\/api.w.org\/{rel}","templated":true}]}}