{"id":4130,"date":"2021-12-10T14:06:08","date_gmt":"2022-01-20T14:25:56","guid":{"rendered":"https:\/\/dev.solutionprint.ca\/product\/napperons\/"},"modified":"2022-01-21T14:58:45","modified_gmt":"2022-01-21T19:58:45","slug":"napperons","status":"publish","type":"product","link":"https:\/\/solutionprint.ca\/fr\/produit\/napperons\/","title":{"rendered":"Napperons"},"content":{"rendered":"<p>Quelle meilleure fa\u00e7on de mettre en valeur vos promotions que sur un napperon. Mais ne vous limitez pas l\u00e0, ils peuvent \u00e9galement \u00eatre utilis\u00e9s comme menus de table, menus de sp\u00e9cialit\u00e9, doublures pour plateau ou simplement une belle fa\u00e7on de montrer votre logo y compris d&rsquo;autres petites informations comme les codes QR, le mot de passe d&rsquo;acc\u00e8s Internet, voire juste une belle image du aliments que vous servez. Ayez-en un pour chaque repas\u2026 petit-d\u00e9jeuner, d\u00e9jeuner et souper.<\/p>\n<p>Ils peuvent \u00eatre imprim\u00e9s sur un c\u00f4t\u00e9 ou deux c\u00f4t\u00e9s Ils gardent vos tables propres, leur disposabilit\u00e9 rend l&rsquo;essuyage des tables beaucoup plus simple et donne aux clients un sentiment de propret\u00e9 sanitaire au restaurant. Ces napperons de table jetables sont en papier recycl\u00e9 ils sont \u00e9galement recyclables.<\/p>\n<p>Comme tous nos autres produits, ceux-ci sont enti\u00e8rement personnalisables selon vos besoins, vous pouvez m\u00eame en faire faire pour les enfants avec des puzzles, jeux amusants et images \u00e0 colorier. Ils peuvent \u00eatre utilis\u00e9s pour les f\u00eates, les r\u00e9ceptions de mariage, les banquets, \u00e0 la maison, dans la cuisine et beacoup d&rsquo;autres endroits.<\/p>\n","protected":false},"excerpt":{"rendered":"<p>Napperons avec finition brillante ou mate, imprim\u00e9e une face ou 2 faces.<\/p>\n","protected":false},"featured_media":3344,"template":"","meta":[],"product_brand":[],"product_cat":[952,953],"product_tag":[957,954,955,958,880,956,959,890,909,960,881,889],"class_list":{"0":"post-4130","1":"product","2":"type-product","3":"status-publish","4":"has-post-thumbnail","6":"product_cat-produits-imprimes","7":"product_cat-produits-promotionnels","8":"product_tag-dessus-de-la-table","9":"product_tag-doublure","10":"product_tag-doublure-pour-plateau","11":"product_tag-enfants","12":"product_tag-jetable","13":"product_tag-napperon","14":"product_tag-nettoyage-facile","15":"product_tag-personnalise-fr","16":"product_tag-promotion","17":"product_tag-propre","18":"product_tag-restaurant-fr-2","19":"product_tag-restauration","21":"first","22":"instock","23":"shipping-taxable","24":"product-type-variable","25":"prodpage-classic"},"jetpack_sharing_enabled":true,"jetpack_likes_enabled":true,"_links":{"self":[{"href":"https:\/\/solutionprint.ca\/fr\/wp-json\/wp\/v2\/product\/4130","targetHints":{"allow":["GET"]}}],"collection":[{"href":"https:\/\/solutionprint.ca\/fr\/wp-json\/wp\/v2\/product"}],"about":[{"href":"https:\/\/solutionprint.ca\/fr\/wp-json\/wp\/v2\/types\/product"}],"wp:featuredmedia":[{"embeddable":true,"href":"https:\/\/solutionprint.ca\/fr\/wp-json\/wp\/v2\/media\/3344"}],"wp:attachment":[{"href":"https:\/\/solutionprint.ca\/fr\/wp-json\/wp\/v2\/media?parent=4130"}],"wp:term":[{"taxonomy":"product_brand","embeddable":true,"href":"https:\/\/solutionprint.ca\/fr\/wp-json\/wp\/v2\/product_brand?post=4130"},{"taxonomy":"product_cat","embeddable":true,"href":"https:\/\/solutionprint.ca\/fr\/wp-json\/wp\/v2\/product_cat?post=4130"},{"taxonomy":"product_tag","embeddable":true,"href":"https:\/\/solutionprint.ca\/fr\/wp-json\/wp\/v2\/product_tag?post=4130"}],"curies":[{"name":"wp","href":"https:\/\/api.w.org\/{rel}","templated":true}]}}