{"id":4079,"date":"2021-12-22T11:30:15","date_gmt":"2022-01-19T21:18:17","guid":{"rendered":"https:\/\/dev.solutionprint.ca\/product\/boites-a-pizza\/"},"modified":"2022-01-20T14:36:34","modified_gmt":"2022-01-20T19:36:34","slug":"boites-a-pizza","status":"publish","type":"product","link":"https:\/\/solutionprint.ca\/fr\/produit\/boites-a-pizza\/","title":{"rendered":"Bo\u00eetes \u00e0 Pizza"},"content":{"rendered":"<p>Notre gamme de produit inclue aussi des bo\u00eetes \u00e0 pizza. Nos bo\u00eetes, differents des bo\u00eetes \u00e0 carton ondul\u00e9, offrent une personalisation plus \u00e9l\u00e8v\u00e9e Faites de carton \u00e9pais blanc ou kraft solide pour contenir des pizzas de 8 pouces \u00e0 10 pouces et ventil\u00e9s pour garder la cro\u00fbte croustillante.<\/p>\n<p>Con\u00e7ues sur mesure pour refl\u00e9ter leurs contenus, nos bo\u00eetes \u00e0 pizza imprim\u00e9es offrent des solutions color\u00e9es et plus int\u00e9ressantes aux alternatifs traditionnels et sont id\u00e9ales pour les aliments tels que les pains plats, les manakish, les cr\u00eapes ou m\u00eame les omelettes.<\/p>\n","protected":false},"excerpt":{"rendered":"<p>Bo\u00eete parfate pour pizzas et autres aliments plats<\/p>\n","protected":false},"featured_media":3809,"template":"","meta":[],"product_brand":[],"product_cat":[925],"product_tag":[886,916,938,892,893,897,904,905,895,932,931,903,906,935,939,928,896,900,882,917,894,887,936,933,934,930,929,937,884,898,890,940,909,914,899,888,927,907,881,901,883,915,926,902],"class_list":{"0":"post-4079","1":"product","2":"type-product","3":"status-publish","4":"has-post-thumbnail","6":"product_cat-boites-a-pizza","7":"product_tag-a-emporter","8":"product_tag-autocollants","9":"product_tag-basse-capacite","10":"product_tag-boites","11":"product_tag-boites-de-plateaux","12":"product_tag-carton-fr","13":"product_tag-colle","14":"product_tag-deversement-prood","15":"product_tag-doublures","16":"product_tag-emballages","17":"product_tag-en-piles","18":"product_tag-enduit","19":"product_tag-etanche","20":"product_tag-etiquettes","21":"product_tag-grande-capacite","22":"product_tag-impression-offset","23":"product_tag-kraft-board-fr","24":"product_tag-lalimentation","25":"product_tag-lemballage","26":"product_tag-le-service","27":"product_tag-les-contenants-imprimes","28":"product_tag-livraison","29":"product_tag-menus-fr","30":"product_tag-napperons-fr","31":"product_tag-ncr-fr","32":"product_tag-non-couche","33":"product_tag-non-ventille","34":"product_tag-papier","35":"product_tag-personnalisable-fr","36":"product_tag-personnalise-fr-2","37":"product_tag-personnalise-fr","38":"product_tag-presse-dimprimerie","39":"product_tag-promotion","40":"product_tag-publicite-fr","41":"product_tag-ramassage","42":"product_tag-recyclables","43":"product_tag-recycle","44":"product_tag-resistant-aux-graisses","45":"product_tag-restaurant-fr-2","46":"product_tag-robuste-fr","47":"product_tag-stock-de-cartes","48":"product_tag-toppers-de-boite","49":"product_tag-type-de-papier","50":"product_tag-ventile","52":"first","53":"instock","54":"shipping-taxable","55":"product-type-variable","56":"prodpage-classic"},"jetpack_sharing_enabled":true,"jetpack_likes_enabled":true,"_links":{"self":[{"href":"https:\/\/solutionprint.ca\/fr\/wp-json\/wp\/v2\/product\/4079","targetHints":{"allow":["GET"]}}],"collection":[{"href":"https:\/\/solutionprint.ca\/fr\/wp-json\/wp\/v2\/product"}],"about":[{"href":"https:\/\/solutionprint.ca\/fr\/wp-json\/wp\/v2\/types\/product"}],"wp:featuredmedia":[{"embeddable":true,"href":"https:\/\/solutionprint.ca\/fr\/wp-json\/wp\/v2\/media\/3809"}],"wp:attachment":[{"href":"https:\/\/solutionprint.ca\/fr\/wp-json\/wp\/v2\/media?parent=4079"}],"wp:term":[{"taxonomy":"product_brand","embeddable":true,"href":"https:\/\/solutionprint.ca\/fr\/wp-json\/wp\/v2\/product_brand?post=4079"},{"taxonomy":"product_cat","embeddable":true,"href":"https:\/\/solutionprint.ca\/fr\/wp-json\/wp\/v2\/product_cat?post=4079"},{"taxonomy":"product_tag","embeddable":true,"href":"https:\/\/solutionprint.ca\/fr\/wp-json\/wp\/v2\/product_tag?post=4079"}],"curies":[{"name":"wp","href":"https:\/\/api.w.org\/{rel}","templated":true}]}}