{"id":4065,"date":"2022-01-06T09:27:39","date_gmt":"2022-01-19T19:30:03","guid":{"rendered":"https:\/\/dev.solutionprint.ca\/product\/produits-personnalises\/"},"modified":"2022-01-19T14:32:26","modified_gmt":"2022-01-19T19:32:26","slug":"produits-personnalises","status":"publish","type":"product","link":"https:\/\/solutionprint.ca\/fr\/produit\/produits-personnalises\/","title":{"rendered":"Produits Personnalis\u00e9s"},"content":{"rendered":"<p>Pour accompagner tous vos autres produits imprim\u00e9s ou un seul, nous fournissons d\u2019autres produits et services imprim\u00e9s.<\/p>\n<p>Notre personnel professionnel peut produire des articles personnalis\u00e9s tels que des menus de table de restaurant (avec laminage si n\u00e9cessaire), des menus de vins, des cartes promotionnelles de toute nature, des livrets, des catalogues, des cintres de porte, des cartes de tente, des affiches, des banni\u00e8res, des enseignes, de petits autocollants (une belle touche \u00e0 ajouter aux bo\u00eetes et aux sacs), de grands autocollants de fen\u00eatre, des dessus de voiture, des coupons, des certificats-cadeaux, des cartes de fid\u00e9lit\u00e9, des menus d\u2019\u00e9cran de t\u00e9l\u00e9vision,  conception de logo et bien plus encore.<\/p>\n<p>C\u2019est un excellent moyen de donner \u00e0 votre entreprise un look de marque. Il suffit de nous appeler et nous serons heureux de vous aider par tous les moyens possibles pour atteindre vos objectifs en marketing pour votre entreprise. Contactez-nous et parlez \u00e0 un vendeur pour vous guider dans la bonne direction.<\/p>\n","protected":false},"excerpt":{"rendered":"<p>Vous ne savez pas ce dont vous avez besoin? Si vous avez besoin d\u2019un projet personnalis\u00e9 sp\u00e9cifique, nous sommes l\u00e0 pour vous aider.<\/p>\n","protected":false},"featured_media":3651,"template":"","meta":[],"product_brand":[],"product_cat":[908],"product_tag":[886,916,892,893,912,920,891,911,918,882,917,913,910,919,921,884,898,909,914,881,885,915],"class_list":{"0":"post-4065","1":"product","2":"type-product","3":"status-publish","4":"has-post-thumbnail","6":"product_cat-autres-solutions","7":"product_tag-a-emporter","8":"product_tag-autocollants","9":"product_tag-boites","10":"product_tag-boites-de-plateaux","11":"product_tag-brochure-fr","12":"product_tag-commande-en-ligne","13":"product_tag-conteneur","14":"product_tag-depliant","15":"product_tag-grand-format","16":"product_tag-lemballage","17":"product_tag-le-service","18":"product_tag-livret","19":"product_tag-menu-fr","20":"product_tag-napperons","21":"product_tag-papier-demballage","22":"product_tag-personnalisable-fr","23":"product_tag-personnalise-fr-2","24":"product_tag-promotion","25":"product_tag-publicite-fr","26":"product_tag-restaurant-fr-2","27":"product_tag-restauration-rapide","28":"product_tag-toppers-de-boite","30":"first","31":"instock","32":"shipping-taxable","33":"product-type-simple","34":"prodpage-classic"},"jetpack_sharing_enabled":true,"jetpack_likes_enabled":true,"_links":{"self":[{"href":"https:\/\/solutionprint.ca\/fr\/wp-json\/wp\/v2\/product\/4065","targetHints":{"allow":["GET"]}}],"collection":[{"href":"https:\/\/solutionprint.ca\/fr\/wp-json\/wp\/v2\/product"}],"about":[{"href":"https:\/\/solutionprint.ca\/fr\/wp-json\/wp\/v2\/types\/product"}],"wp:featuredmedia":[{"embeddable":true,"href":"https:\/\/solutionprint.ca\/fr\/wp-json\/wp\/v2\/media\/3651"}],"wp:attachment":[{"href":"https:\/\/solutionprint.ca\/fr\/wp-json\/wp\/v2\/media?parent=4065"}],"wp:term":[{"taxonomy":"product_brand","embeddable":true,"href":"https:\/\/solutionprint.ca\/fr\/wp-json\/wp\/v2\/product_brand?post=4065"},{"taxonomy":"product_cat","embeddable":true,"href":"https:\/\/solutionprint.ca\/fr\/wp-json\/wp\/v2\/product_cat?post=4065"},{"taxonomy":"product_tag","embeddable":true,"href":"https:\/\/solutionprint.ca\/fr\/wp-json\/wp\/v2\/product_tag?post=4065"}],"curies":[{"name":"wp","href":"https:\/\/api.w.org\/{rel}","templated":true}]}}