{"id":4064,"date":"2022-01-11T10:24:03","date_gmt":"2022-01-19T19:25:22","guid":{"rendered":"https:\/\/dev.solutionprint.ca\/product\/boites-a-lunch\/"},"modified":"2022-01-20T14:39:05","modified_gmt":"2022-01-20T19:39:05","slug":"boites-a-lunch","status":"publish","type":"product","link":"https:\/\/solutionprint.ca\/fr\/produit\/boites-a-lunch\/","title":{"rendered":"Bo\u00eetes \u00e0 Lunch"},"content":{"rendered":"<p>Ces bo\u00eetes de plateaux kraft ventil\u00e9es avec des housses rabattables sont la bo\u00eete de taille parfaite pour les d\u00e9jeuners. Ces bo\u00eetes avec des c\u00f4t\u00e9s coll\u00e9s sont \u00e9tanches aux d\u00e9versements et \u00e0 l\u2019\u00e9preuve des graisses enrob\u00e9es, gardant les aliments en s\u00e9curit\u00e9 \u00e0 l\u2019int\u00e9rieur, et les \u00e9vents pour emp\u00eacher certains aliments de devenir d\u00e9tremp\u00e9s. Personnalis\u00e9es en fonction de vos besoins, ces bo\u00eetes sont parfaites pour les articles de la taille du d\u00e9jeuner.<\/p>\n","protected":false},"excerpt":{"rendered":"<p>Ces bo\u00eetes de plateaux sont parfaites pour les articles de la taille du d\u00e9jeuner.<\/p>\n","protected":false},"featured_media":3833,"template":"","meta":[],"product_brand":[],"product_cat":[879],"product_tag":[886,892,893,897,904,891,905,895,903,906,880,896,900,882,894,887,884,898,890,899,888,907,881,889,885,901,883,902],"class_list":{"0":"post-4064","1":"product","2":"type-product","3":"status-publish","4":"has-post-thumbnail","6":"product_cat-boites-a-lunch","7":"product_tag-a-emporter","8":"product_tag-boites","9":"product_tag-boites-de-plateaux","10":"product_tag-carton-fr","11":"product_tag-colle","12":"product_tag-conteneur","13":"product_tag-deversement-prood","14":"product_tag-doublures","15":"product_tag-enduit","16":"product_tag-etanche","17":"product_tag-jetable","18":"product_tag-kraft-board-fr","19":"product_tag-lalimentation","20":"product_tag-lemballage","21":"product_tag-les-contenants-imprimes","22":"product_tag-livraison","23":"product_tag-personnalisable-fr","24":"product_tag-personnalise-fr-2","25":"product_tag-personnalise-fr","26":"product_tag-ramassage","27":"product_tag-recyclables","28":"product_tag-resistant-aux-graisses","29":"product_tag-restaurant-fr-2","30":"product_tag-restauration","31":"product_tag-restauration-rapide","32":"product_tag-robuste-fr","33":"product_tag-stock-de-cartes","34":"product_tag-ventile","36":"first","37":"instock","38":"shipping-taxable","39":"product-type-simple","40":"prodpage-classic"},"jetpack_sharing_enabled":true,"jetpack_likes_enabled":true,"_links":{"self":[{"href":"https:\/\/solutionprint.ca\/fr\/wp-json\/wp\/v2\/product\/4064","targetHints":{"allow":["GET"]}}],"collection":[{"href":"https:\/\/solutionprint.ca\/fr\/wp-json\/wp\/v2\/product"}],"about":[{"href":"https:\/\/solutionprint.ca\/fr\/wp-json\/wp\/v2\/types\/product"}],"wp:featuredmedia":[{"embeddable":true,"href":"https:\/\/solutionprint.ca\/fr\/wp-json\/wp\/v2\/media\/3833"}],"wp:attachment":[{"href":"https:\/\/solutionprint.ca\/fr\/wp-json\/wp\/v2\/media?parent=4064"}],"wp:term":[{"taxonomy":"product_brand","embeddable":true,"href":"https:\/\/solutionprint.ca\/fr\/wp-json\/wp\/v2\/product_brand?post=4064"},{"taxonomy":"product_cat","embeddable":true,"href":"https:\/\/solutionprint.ca\/fr\/wp-json\/wp\/v2\/product_cat?post=4064"},{"taxonomy":"product_tag","embeddable":true,"href":"https:\/\/solutionprint.ca\/fr\/wp-json\/wp\/v2\/product_tag?post=4064"}],"curies":[{"name":"wp","href":"https:\/\/api.w.org\/{rel}","templated":true}]}}