{"id":4228,"date":"2022-01-21T10:29:10","date_gmt":"2022-01-21T15:29:10","guid":{"rendered":"https:\/\/dev.solutionprint.ca\/preparation-de-documents\/"},"modified":"2024-01-09T14:16:52","modified_gmt":"2024-01-09T19:16:52","slug":"preparation-de-documents","status":"publish","type":"page","link":"https:\/\/solutionprint.ca\/fr\/preparation-de-documents\/","title":{"rendered":"Preparation de documents"},"content":{"rendered":"\n<h4 class=\"wp-block-heading\">Un fichier correctement configur\u00e9 aidera \u00e0 assurer un r\u00e9sultat parfait<\/h4>\n\n<p>Lorsque vous nous fournissez les fichiers de projet pour votre travail, veuillez vous assurer que les directives suivantes sont respect\u00e9es. Cela r\u00e9duira le temps n\u00e9cessaire \u00e0 la pr\u00e9paration et vous aidera \u00e0 obtenir votre projet encore plus t\u00f4t. <\/p>\n\n<p><strong>PREPARATION DE VOTRE ART<\/strong><\/p>\n\n<p><strong>DEBORD<\/strong><\/p>\n\n<p> 1\/8\u2033 de debord additionel autour de votre project est necessaire V\u00e9rifiez que toutes les images de fond et les couleur sont sur le debord pour \u00e9viter une bordure blanche <\/p>\n\n<p><strong>ZONE SECURITAIRE<\/strong><\/p>\n\n<p> En plus, v\u00e9rifiez que tout votre texte et graphiques importants se trouvent \u00e0 1\/8&Prime; de la ligne de coupe pour \u00e9viter le decoupage <\/p>\n\n<p><strong>COULEURS <\/strong><\/p>\n\n<p>Les fichiervoivent \u00eatre en format CMYK et non RGB <\/p>\n\n<p><strong>NOIR<\/strong><\/p>\n\n<p>Quand votre fichier utilise des grandes portions de noir, utiliser une formule de noire riche (e.g.: <em>40% Cyan, 40% Magenta, 30% Jaune, 100% Noir)<\/em> pour assurer une finition noire solide et profonde Vous pouvez utiliser du noir d&rsquo;imprimante pour le texte et les lignes droites. Ceci produira un texte et des bords nets. <\/p>\n\n<p><strong>RESOLUTION<\/strong><\/p>\n\n<p> La r\u00e9solution de votre fichier doit \u00eatre de 300 dpi ou plus, toutes les images contenues dans vos fichiers doivent \u00eatre en haute r\u00e9solution ou elles seront pix\u00e9lis\u00e9es et floues. <\/p>\n\n<p><strong>FICHIERS DU PROJET<\/strong><\/p>\n\n<p>Si vous nous d\u00e9dier qu\u2019on met \u00e0 jour de mettre \u00e0 jour un fichier existant, assurez-vous de nous fournir tous les fichiers et images n\u00e9cessaires ainsi que les polices si possible. <\/p>\n\n<p><strong>TYPES DE FICHIER<\/strong><\/p>\n\n<p>PDF, EPS ou JPEG haute r\u00e9solution<\/p>\n\n<p>Pour votre commodit\u00e9, n&rsquo;h\u00e9sitez pas \u00e0 utiliser l&rsquo;un de nos mod\u00e8les pr\u00e9par\u00e9s ci-dessous qui contient tous nos param\u00e8tres. Trouvez-en un qui convient \u00e0 la taille et \u00e0 la forme de votre projet. <\/p>\n\n<p>Si vous n&rsquo;\u00eates pas s\u00fbr des sp\u00e9cifications du mod\u00e8le ou si vous ne trouvez pas celui qui correspond \u00e0 vos besoins, n&rsquo;h\u00e9sitez pas \u00e0 nous appeler et nous serons heureux de vous aider.<\/p>\n\n<p><\/p>\n\n<ul class=\"wp-block-list\"><li>                                                         <\/li><\/ul>\n\n<figure class=\"wp-block-table is-style-stripes\"><table><thead><tr><th class=\"has-text-align-left\" data-align=\"left\">Dimensions<\/th><th class=\"has-text-align-right\" data-align=\"right\">Fichier <\/th><\/tr><\/thead><tbody><tr><td class=\"has-text-align-left\" data-align=\"left\">5.5&Prime; x 8.5&Prime;<\/td><td class=\"has-text-align-right\" data-align=\"right\"><a rel=\"noreferrer noopener\" href=\"https:\/\/dev.solutionprint.ca\/wp-content\/uploads\/2021\/12\/55x85.pdf\" target=\"_blank\"><img decoding=\"async\" src=\"https:\/\/dev.solutionprint.ca\/wp-content\/uploads\/2022\/01\/istockphoto-1263032734-170667a-e1642606501438.jpeg\" alt=\"\"\/><\/a><\/td><\/tr><tr><td class=\"has-text-align-left\" data-align=\"left\">5.5&Prime; x 11&Prime;<\/td><td class=\"has-text-align-right\" data-align=\"right\"><a href=\"https:\/\/dev.solutionprint.ca\/wp-content\/uploads\/2021\/12\/55x11.pdf\" target=\"_blank\" rel=\"noreferrer noopener\"><img decoding=\"async\" src=\"https:\/\/dev.solutionprint.ca\/wp-content\/uploads\/2022\/01\/istockphoto-1263032734-170667a-e1642606501438.jpeg\" alt=\"\"\/><\/a><\/td><\/tr><tr><td class=\"has-text-align-left\" data-align=\"left\">6.25&Prime; x 9&Prime;<\/td><td class=\"has-text-align-right\" data-align=\"right\"><a href=\"https:\/\/dev.solutionprint.ca\/wp-content\/uploads\/2021\/12\/625x9.pdf\" target=\"_blank\" rel=\"noreferrer noopener\"><img decoding=\"async\" src=\"https:\/\/dev.solutionprint.ca\/wp-content\/uploads\/2022\/01\/istockphoto-1263032734-170667a-e1642606501438.jpeg\" alt=\"\"\/><\/a><\/td><\/tr><tr><td class=\"has-text-align-left\" data-align=\"left\">8.5&Prime; x 11&Prime; Horizontal 1 pli<\/td><td class=\"has-text-align-right\" data-align=\"right\"><a href=\"https:\/\/dev.solutionprint.ca\/wp-content\/uploads\/2021\/12\/85x11_2-part-H.pdf\" data-type=\"URL\" data-id=\"https:\/\/dev.solutionprint.ca\/wp-content\/uploads\/2021\/12\/85x11_2-part-H.pdf\" target=\"_blank\" rel=\"noreferrer noopener\"><img decoding=\"async\" src=\"https:\/\/dev.solutionprint.ca\/wp-content\/uploads\/2022\/01\/istockphoto-1263032734-170667a-e1642606501438.jpeg\" alt=\"\"\/><\/a><\/td><\/tr><tr><td class=\"has-text-align-left\" data-align=\"left\">8.5&Prime; x 11&Prime; Vertical 1 pli<\/td><td class=\"has-text-align-right\" data-align=\"right\"><a href=\"https:\/\/dev.solutionprint.ca\/wp-content\/uploads\/2021\/12\/85x11_2-part-V.pdf\" data-type=\"URL\" data-id=\"https:\/\/dev.solutionprint.ca\/wp-content\/uploads\/2021\/12\/85x11_2-part-V.pdf\" target=\"_blank\" rel=\"noreferrer noopener\"><img decoding=\"async\" src=\"https:\/\/dev.solutionprint.ca\/wp-content\/uploads\/2022\/01\/istockphoto-1263032734-170667a-e1642606501438.jpeg\" alt=\"\"\/><\/a><\/td><\/tr><tr><td class=\"has-text-align-left\" data-align=\"left\">8.5&Prime; x 11&Prime; 2 plis<\/td><td class=\"has-text-align-right\" data-align=\"right\"><a href=\"https:\/\/dev.solutionprint.ca\/wp-content\/uploads\/2021\/12\/85x11_3-part-H.pdf\" data-type=\"URL\" data-id=\"https:\/\/dev.solutionprint.ca\/wp-content\/uploads\/2021\/12\/85x11_3-part-H.pdf\" target=\"_blank\" rel=\"noreferrer noopener\"><img decoding=\"async\" src=\"https:\/\/dev.solutionprint.ca\/wp-content\/uploads\/2022\/01\/istockphoto-1263032734-170667a-e1642606501438.jpeg\" alt=\"\"\/><\/a><\/td><\/tr><tr><td class=\"has-text-align-left\" data-align=\"left\">8.5&Prime; x 11&Prime;<\/td><td class=\"has-text-align-right\" data-align=\"right\"><a href=\"https:\/\/dev.solutionprint.ca\/wp-content\/uploads\/2021\/12\/85x11.pdf\" data-type=\"URL\" data-id=\"https:\/\/dev.solutionprint.ca\/wp-content\/uploads\/2021\/12\/85x11.pdf\" target=\"_blank\" rel=\"noreferrer noopener\"><img decoding=\"async\" src=\"https:\/\/dev.solutionprint.ca\/wp-content\/uploads\/2022\/01\/istockphoto-1263032734-170667a-e1642606501438.jpeg\" alt=\"\"\/><\/a><\/td><\/tr><tr><td class=\"has-text-align-left\" data-align=\"left\">8.5&Prime; x 14&Prime; 1 pli<\/td><td class=\"has-text-align-right\" data-align=\"right\"><a href=\"https:\/\/dev.solutionprint.ca\/wp-content\/uploads\/2021\/12\/85x14_2-part-H.pdf\" data-type=\"URL\" target=\"_blank\" rel=\"noreferrer noopener\"><img decoding=\"async\" src=\"https:\/\/dev.solutionprint.ca\/wp-content\/uploads\/2022\/01\/istockphoto-1263032734-170667a-e1642606501438.jpeg\" alt=\"\"\/><\/a><\/td><\/tr><tr><td class=\"has-text-align-left\" data-align=\"left\">8.5&Prime; x 14&Prime; 2 plis<\/td><td class=\"has-text-align-right\" data-align=\"right\"> <a href=\"https:\/\/dev.solutionprint.ca\/wp-content\/uploads\/2021\/12\/85x14_3-part-H.pdf\" data-type=\"URL\" data-id=\"https:\/\/dev.solutionprint.ca\/wp-content\/uploads\/2021\/12\/85x14_3-part-H.pdf\" target=\"_blank\" rel=\"noreferrer noopener\"><img decoding=\"async\" src=\"https:\/\/dev.solutionprint.ca\/wp-content\/uploads\/2022\/01\/istockphoto-1263032734-170667a-e1642606501438.jpeg\" alt=\"\"\/><\/a><\/td><\/tr><tr><td class=\"has-text-align-left\" data-align=\"left\">11&Prime; x 14&Prime; 1 pli<\/td><td class=\"has-text-align-right\" data-align=\"right\"> <a href=\"https:\/\/dev.solutionprint.ca\/wp-content\/uploads\/2021\/12\/11x14_2-part-H.pdf\" data-type=\"URL\" data-id=\"https:\/\/dev.solutionprint.ca\/wp-content\/uploads\/2021\/12\/11x14_2-part-H.pdf\" target=\"_blank\" rel=\"noreferrer noopener\"><img decoding=\"async\" src=\"https:\/\/dev.solutionprint.ca\/wp-content\/uploads\/2022\/01\/istockphoto-1263032734-170667a-e1642606501438.jpeg\" alt=\"\"\/><\/a><\/td><\/tr><tr><td class=\"has-text-align-left\" data-align=\"left\">11&Prime; x 14&Prime; 2 plis<\/td><td class=\"has-text-align-right\" data-align=\"right\"><a href=\"https:\/\/dev.solutionprint.ca\/wp-content\/uploads\/2021\/12\/11x14_3-part-H.pdf\" target=\"_blank\" rel=\"noreferrer noopener\"><img decoding=\"async\" src=\"https:\/\/dev.solutionprint.ca\/wp-content\/uploads\/2022\/01\/istockphoto-1263032734-170667a-e1642606501438.jpeg\" alt=\"\"\/><\/a><\/td><\/tr><tr><td class=\"has-text-align-left\" data-align=\"left\">11&Prime; x 17&Prime; 1 pli<\/td><td class=\"has-text-align-right\" data-align=\"right\"><a href=\"https:\/\/dev.solutionprint.ca\/wp-content\/uploads\/2021\/12\/11x17_2-part-H.pdf\" target=\"_blank\" rel=\"noreferrer noopener\"><img decoding=\"async\" src=\"https:\/\/dev.solutionprint.ca\/wp-content\/uploads\/2022\/01\/istockphoto-1263032734-170667a-e1642606501438.jpeg\" alt=\"\"\/><\/a><\/td><\/tr><tr><td class=\"has-text-align-left\" data-align=\"left\">11&Prime; x 17&Prime; 2 plis<\/td><td class=\"has-text-align-right\" data-align=\"right\"><a href=\"https:\/\/dev.solutionprint.ca\/wp-content\/uploads\/2021\/12\/11x17_3-part-H.pdf\" data-type=\"URL\" data-id=\"https:\/\/dev.solutionprint.ca\/wp-content\/uploads\/2021\/12\/11x17_3-part-H.pdf\" target=\"_blank\" rel=\"noreferrer noopener\"><img decoding=\"async\" src=\"https:\/\/dev.solutionprint.ca\/wp-content\/uploads\/2022\/01\/istockphoto-1263032734-170667a-e1642606501438.jpeg\" alt=\"\"\/><\/a><\/td><\/tr><tr><td class=\"has-text-align-left\" data-align=\"left\">11&Prime; x 22&Prime; 2 plis<\/td><td class=\"has-text-align-right\" data-align=\"right\"><a href=\"https:\/\/dev.solutionprint.ca\/wp-content\/uploads\/2021\/12\/11x22_3-part-H.pdf\" target=\"_blank\" rel=\"noreferrer noopener\"><img decoding=\"async\" src=\"https:\/\/dev.solutionprint.ca\/wp-content\/uploads\/2022\/01\/istockphoto-1263032734-170667a-e1642606501438.jpeg\" alt=\"\"\/><\/a><\/td><\/tr><tr><td class=\"has-text-align-left\" data-align=\"left\">11&Prime; x 22&Prime; 3 plis<\/td><td class=\"has-text-align-right\" data-align=\"right\"><a href=\"https:\/\/dev.solutionprint.ca\/wp-content\/uploads\/2021\/12\/11x22_4-part-H.pdf\" data-type=\"URL\" data-id=\"https:\/\/dev.solutionprint.ca\/wp-content\/uploads\/2021\/12\/11x22_4-part-H.pdf\" target=\"_blank\" rel=\"noreferrer noopener\"><img decoding=\"async\" src=\"https:\/\/dev.solutionprint.ca\/wp-content\/uploads\/2022\/01\/istockphoto-1263032734-170667a-e1642606501438.jpeg\" alt=\"\"\/><\/a><\/td><\/tr><\/tbody><\/table><\/figure>\n","protected":false},"excerpt":{"rendered":"<p>Un fichier correctement configur\u00e9 aidera \u00e0 assurer un r\u00e9sultat parfait Lorsque vous nous fournissez les fichiers de projet pour votre travail, veuillez vous assurer que les directives suivantes sont respect\u00e9es. Cela r\u00e9duira le temps n\u00e9cessaire \u00e0 la pr\u00e9paration et vous aidera \u00e0 obtenir votre projet encore plus t\u00f4t. PREPARATION DE VOTRE ART DEBORD 1\/8\u2033 de<\/p>\n","protected":false},"author":3,"featured_media":4027,"parent":0,"menu_order":0,"comment_status":"closed","ping_status":"closed","template":"","meta":{"footnotes":""},"class_list":["post-4228","page","type-page","status-publish","has-post-thumbnail","hentry","prodpage-classic"],"jetpack_sharing_enabled":false,"jetpack_likes_enabled":false,"_links":{"self":[{"href":"https:\/\/solutionprint.ca\/fr\/wp-json\/wp\/v2\/pages\/4228","targetHints":{"allow":["GET"]}}],"collection":[{"href":"https:\/\/solutionprint.ca\/fr\/wp-json\/wp\/v2\/pages"}],"about":[{"href":"https:\/\/solutionprint.ca\/fr\/wp-json\/wp\/v2\/types\/page"}],"author":[{"embeddable":true,"href":"https:\/\/solutionprint.ca\/fr\/wp-json\/wp\/v2\/users\/3"}],"replies":[{"embeddable":true,"href":"https:\/\/solutionprint.ca\/fr\/wp-json\/wp\/v2\/comments?post=4228"}],"version-history":[{"count":5,"href":"https:\/\/solutionprint.ca\/fr\/wp-json\/wp\/v2\/pages\/4228\/revisions"}],"predecessor-version":[{"id":4331,"href":"https:\/\/solutionprint.ca\/fr\/wp-json\/wp\/v2\/pages\/4228\/revisions\/4331"}],"wp:featuredmedia":[{"embeddable":true,"href":"https:\/\/solutionprint.ca\/fr\/wp-json\/wp\/v2\/media\/4027"}],"wp:attachment":[{"href":"https:\/\/solutionprint.ca\/fr\/wp-json\/wp\/v2\/media?parent=4228"}],"curies":[{"name":"wp","href":"https:\/\/api.w.org\/{rel}","templated":true}]}}